{"id":3,"date":"2022-06-29T11:59:30","date_gmt":"2022-06-29T11:59:30","guid":{"rendered":"https:\/\/www.jobs4all.erasmus.site\/?page_id=3"},"modified":"2022-11-30T18:57:19","modified_gmt":"2022-11-30T18:57:19","slug":"privacy-policy","status":"publish","type":"page","link":"https:\/\/www.jobs4all.erasmus.site\/pt\/privacy-policy\/","title":{"rendered":"Pol\u00edtica de privacidade"},"content":{"rendered":"<p><strong>Quem somos:<\/strong><\/p>\r\n<p>Website: <a href=\"https:\/\/www.jobs4all.erasmus.site\">www.jobs4all.erasmus.site\/<\/a><\/p>\r\n<p>Este website \u00e9 gerido por: Center for Social Innovation Ltd., Rigenis 62, 1st floor, 1010, Nic\u00f3sia, Chipre<\/p>\r\n<p>O website \u00e9 alojado por: Google LLC<\/p>\r\n<p>Endere\u00e7o\/website: <a href=\"https:\/\/www.jobs4all.erasmus.site\">www.jobs4all.erasmus.site\/<\/a><\/p>\r\n<p><strong>Que dados pessoais recolhemos e porque os recolhemos:<\/strong><\/p>\r\n<p>Minimizamos a quantidade de dados que recolhemos ao que \u00e9 essencial para o bom funcionamento do nosso projeto. Se preencher o formul\u00e1rio de inscri\u00e7\u00e3o para aceder ao nosso curso electr\u00f3nico, recolheremos mais dados pessoais, que s\u00e3o necess\u00e1rios para permitir a sua participa\u00e7\u00e3o no nosso projeto.<\/p>\r\n<p><strong>Com quem partilhamos os seus dados:<\/strong><\/p>\r\n<p>Os seus dados n\u00e3o ser\u00e3o partilhados com terceiros sem o seu consentimento.<\/p>\r\n<p><strong>Durante quanto tempo conservamos os seus dados:<\/strong><\/p>\r\n<p>Os dados recolhidos s\u00e3o utilizados apenas para os fins do projeto. No final do projeto, todos os dados que n\u00e3o sejam necess\u00e1rios ser\u00e3o apagados.<\/p>\r\n<p><strong>Que direitos tem sobre os seus dados:<\/strong><\/p>\r\n<p>Pode solicitar-nos que apaguemos quaisquer dados pessoais que tenhamos sobre si. N\u00e3o inclui quaisquer dados que sejamos obrigados a conservar para fins administrativos, legais ou de seguran\u00e7a.<\/p>\r\n\r\n\r\n\r\n\r\n\r\n\r\n\r\n\r\n\r\n\r\n\r\n\r\n\r\n\r\n\r\n<p>Informa\u00e7\u00e3o de contacto: <a href=\"mailto:info@csicy.com\">info@csicy.com<\/a><\/p>","protected":false},"excerpt":{"rendered":"<p>Quem somos: Website: www.jobs4all.erasmus.site\/ Este website \u00e9 gerido por: Center for Social Innovation Ltd., Rigenis 62, 1st floor, 1010, Nic\u00f3sia, Chipre O website \u00e9 alojado por: Google LLC Endere\u00e7o\/website: www.jobs4all.erasmus.site\/ Que dados pessoais recolhemos e porque os recolhemos: Minimizamos a quantidade de dados que recolhemos ao que \u00e9 essencial para o bom funcionamento do nosso&hellip;&nbsp;<a href=\"https:\/\/www.jobs4all.erasmus.site\/pt\/privacy-policy\/\" rel=\"bookmark\">Ler mais &raquo;<span class=\"screen-reader-text\">Pol\u00edtica de privacidade<\/span><\/a><\/p>\n","protected":false},"author":1,"featured_media":0,"parent":0,"menu_order":0,"comment_status":"closed","ping_status":"open","template":"","meta":{"neve_meta_sidebar":"","neve_meta_container":"","neve_meta_enable_content_width":"off","neve_meta_content_width":100,"neve_meta_title_alignment":"","neve_meta_author_avatar":"","neve_post_elements_order":"","neve_meta_disable_header":"","neve_meta_disable_footer":"","neve_meta_disable_title":"","footnotes":""},"class_list":["post-3","page","type-page","status-publish","hentry"],"_links":{"self":[{"href":"https:\/\/www.jobs4all.erasmus.site\/pt\/wp-json\/wp\/v2\/pages\/3","targetHints":{"allow":["GET"]}}],"collection":[{"href":"https:\/\/www.jobs4all.erasmus.site\/pt\/wp-json\/wp\/v2\/pages"}],"about":[{"href":"https:\/\/www.jobs4all.erasmus.site\/pt\/wp-json\/wp\/v2\/types\/page"}],"author":[{"embeddable":true,"href":"https:\/\/www.jobs4all.erasmus.site\/pt\/wp-json\/wp\/v2\/users\/1"}],"replies":[{"embeddable":true,"href":"https:\/\/www.jobs4all.erasmus.site\/pt\/wp-json\/wp\/v2\/comments?post=3"}],"version-history":[{"count":7,"href":"https:\/\/www.jobs4all.erasmus.site\/pt\/wp-json\/wp\/v2\/pages\/3\/revisions"}],"predecessor-version":[{"id":275,"href":"https:\/\/www.jobs4all.erasmus.site\/pt\/wp-json\/wp\/v2\/pages\/3\/revisions\/275"}],"wp:attachment":[{"href":"https:\/\/www.jobs4all.erasmus.site\/pt\/wp-json\/wp\/v2\/media?parent=3"}],"curies":[{"name":"wp","href":"https:\/\/api.w.org\/{rel}","templated":true}]}}