{"id":15,"date":"2022-06-30T10:31:11","date_gmt":"2022-06-30T10:31:11","guid":{"rendered":"https:\/\/www.jobs4all.erasmus.site\/?page_id=15"},"modified":"2024-02-15T12:19:37","modified_gmt":"2024-02-15T12:19:37","slug":"home","status":"publish","type":"page","link":"https:\/\/www.jobs4all.erasmus.site\/pt\/","title":{"rendered":"In\u00edcio"},"content":{"rendered":"\t\t<div data-elementor-type=\"wp-page\" data-elementor-id=\"15\" class=\"elementor elementor-15\">\n\t\t\t\t\t\t<section class=\"elementor-section elementor-top-section elementor-element elementor-element-f60a562 elementor-section-height-full elementor-section-boxed elementor-section-height-default elementor-section-items-middle\" data-id=\"f60a562\" data-element_type=\"section\" data-e-type=\"section\" data-settings=\"{&quot;background_background&quot;:&quot;classic&quot;}\">\n\t\t\t\t\t\t\t<div class=\"elementor-background-overlay\"><\/div>\n\t\t\t\t\t\t\t<div class=\"elementor-container elementor-column-gap-default\">\n\t\t\t\t\t<div class=\"elementor-column elementor-col-100 elementor-top-column elementor-element elementor-element-bcc83b6 elementor-invisible\" data-id=\"bcc83b6\" data-element_type=\"column\" data-e-type=\"column\" data-settings=\"{&quot;animation&quot;:&quot;fadeInLeft&quot;}\">\n\t\t\t<div class=\"elementor-widget-wrap elementor-element-populated\">\n\t\t\t\t\t\t<div class=\"elementor-element elementor-element-74ffd82 elementor-widget elementor-widget-heading\" data-id=\"74ffd82\" data-element_type=\"widget\" data-e-type=\"widget\" data-widget_type=\"heading.default\">\n\t\t\t\t<div class=\"elementor-widget-container\">\n\t\t\t\t\t<h2 class=\"elementor-heading-title elementor-size-xl\">Bem-vindo ao website do JOBS4ALL! Este inovador projeto Erasmus+ KA2 tem como objetivo melhorar a coopera\u00e7\u00e3o entre empresas e entidades de Ensino e Forma\u00e7\u00e3o Profissional (EFP), promovendo \u00e0 adapta\u00e7\u00e3o do EFP \u00e0s necessidades do mercado de trabalho. <\/h2>\t\t\t\t<\/div>\n\t\t\t\t<\/div>\n\t\t\t\t<div class=\"elementor-element elementor-element-855dde1 elementor-align-center elementor-widget elementor-widget-button\" data-id=\"855dde1\" data-element_type=\"widget\" data-e-type=\"widget\" data-widget_type=\"button.default\">\n\t\t\t\t<div class=\"elementor-widget-container\">\n\t\t\t\t\t\t\t\t\t<div class=\"elementor-button-wrapper\">\n\t\t\t\t\t<a class=\"elementor-button elementor-button-link elementor-size-xl\" href=\"\/#about\">\n\t\t\t\t\t\t<span class=\"elementor-button-content-wrapper\">\n\t\t\t\t\t\t<span class=\"elementor-button-icon\">\n\t\t\t\t<i aria-hidden=\"true\" class=\"fas fa-info-circle\"><\/i>\t\t\t<\/span>\n\t\t\t\t\t\t\t\t\t<span class=\"elementor-button-text\">Leia mais\u2026<\/span>\n\t\t\t\t\t<\/span>\n\t\t\t\t\t<\/a>\n\t\t\t\t<\/div>\n\t\t\t\t\t\t\t\t<\/div>\n\t\t\t\t<\/div>\n\t\t\t\t\t<\/div>\n\t\t<\/div>\n\t\t\t\t\t<\/div>\n\t\t<\/section>\n\t\t\t\t<section class=\"elementor-section elementor-top-section elementor-element elementor-element-997d4e2 elementor-section-height-min-height elementor-section-boxed elementor-section-height-default elementor-section-items-middle elementor-invisible\" data-id=\"997d4e2\" data-element_type=\"section\" data-e-type=\"section\" data-settings=\"{&quot;animation&quot;:&quot;fadeInRight&quot;}\">\n\t\t\t\t\t\t<div class=\"elementor-container elementor-column-gap-default\">\n\t\t\t\t\t<div class=\"elementor-column elementor-col-50 elementor-top-column elementor-element elementor-element-b1b2b74\" data-id=\"b1b2b74\" data-element_type=\"column\" data-e-type=\"column\">\n\t\t\t<div class=\"elementor-widget-wrap elementor-element-populated\">\n\t\t\t\t\t\t<div class=\"elementor-element elementor-element-cf21ed3 elementor-widget elementor-widget-menu-anchor\" data-id=\"cf21ed3\" data-element_type=\"widget\" data-e-type=\"widget\" data-widget_type=\"menu-anchor.default\">\n\t\t\t\t<div class=\"elementor-widget-container\">\n\t\t\t\t\t\t\t<div class=\"elementor-menu-anchor\" id=\"about\"><\/div>\n\t\t\t\t\t\t<\/div>\n\t\t\t\t<\/div>\n\t\t\t\t<div class=\"elementor-element elementor-element-f562896 elementor-widget elementor-widget-heading\" data-id=\"f562896\" data-element_type=\"widget\" data-e-type=\"widget\" data-widget_type=\"heading.default\">\n\t\t\t\t<div class=\"elementor-widget-container\">\n\t\t\t\t\t<h2 class=\"elementor-heading-title elementor-size-default\">Sobre<\/h2>\t\t\t\t<\/div>\n\t\t\t\t<\/div>\n\t\t\t\t<div class=\"elementor-element elementor-element-5e516b9 elementor-widget elementor-widget-text-editor\" data-id=\"5e516b9\" data-element_type=\"widget\" data-e-type=\"widget\" data-widget_type=\"text-editor.default\">\n\t\t\t\t<div class=\"elementor-widget-container\">\n\t\t\t\t\t\t\t\t\t\n\n\n<blockquote><em>JOBS4ALL &#8211; Fitting VET- business for the future employment of all \u00e9 um projeto Erasmus+ KA2 que decorre entre novembro de 2021 e novembro de 2023.<\/em><\/blockquote>\n\n\n\nO mundo do trabalho evolui a um ritmo acelerado. As novas e crescentes exig\u00eancias de compet\u00eancias, juntamente com a evolu\u00e7\u00e3o econ\u00f3mica, demogr\u00e1fica e tecnol\u00f3gica, colocam desafios consider\u00e1veis, bem como proporcionam oportunidades de respostas inovadoras e inclusivas por parte dos sistemas de Ensino e Forma\u00e7\u00e3o Profissional (EFP). Est\u00e3o em curso v\u00e1rias mudan\u00e7as em toda a Europa para introduzir novos modelos de forma\u00e7\u00e3o e para implementar novas metodologias de forma\u00e7\u00e3o em contexto de trabalho (FCT). Entretanto, modelos e metodologias vigentes, provenientes de estruturas institucionais muito diferentes, est\u00e3o a tentar avan\u00e7ar nesta dire\u00e7\u00e3o, tornando o processo de reforma longo e complexo. Al\u00e9m da FCT, uma coopera\u00e7\u00e3o profunda entre o EFP e o meio empresarial pode abrir o caminho para que os sistemas de EFP aumentem a sua qualidade e a sua atratividade. Os parceiros do projeto JOBS4ALL reconhecem que a presta\u00e7\u00e3o de EFP deve basear-se numa gest\u00e3o eficaz a todos os n\u00edveis e que um forte envolvimento dos empregadores \u00e9 vital para proporcionar um EFP de excel\u00eancia e de inclus\u00e3o, que possibilite oportunidades tanto para a coes\u00e3o econ\u00f3mica como social, que enfrente os desajustes entre as necessidades dos empregadores e as compet\u00eancias dos trabalhadores e que apoie a competitividade e o desenvolvimento sustent\u00e1vel.<\/p>\t\t\t\t\t\t\t\t<\/div>\n\t\t\t\t<\/div>\n\t\t\t\t\t<\/div>\n\t\t<\/div>\n\t\t\t\t<div class=\"elementor-column elementor-col-50 elementor-top-column elementor-element elementor-element-b51d7c8\" data-id=\"b51d7c8\" data-element_type=\"column\" data-e-type=\"column\">\n\t\t\t<div class=\"elementor-widget-wrap elementor-element-populated\">\n\t\t\t\t\t\t<div class=\"elementor-element elementor-element-f8a6f80 elementor-widget elementor-widget-image\" data-id=\"f8a6f80\" data-element_type=\"widget\" data-e-type=\"widget\" data-widget_type=\"image.default\">\n\t\t\t\t<div class=\"elementor-widget-container\">\n\t\t\t\t\t\t\t\t\t\t\t\t\t\t\t<img fetchpriority=\"high\" decoding=\"async\" width=\"1024\" height=\"683\" src=\"https:\/\/www.jobs4all.erasmus.site\/wp-content\/uploads\/2022\/06\/silhouette-of-confident-businesspeople-1024x683.jpg\" class=\"attachment-large size-large wp-image-77\" alt=\"\" srcset=\"https:\/\/www.jobs4all.erasmus.site\/wp-content\/uploads\/2022\/06\/silhouette-of-confident-businesspeople-1024x683.jpg 1024w, https:\/\/www.jobs4all.erasmus.site\/wp-content\/uploads\/2022\/06\/silhouette-of-confident-businesspeople-300x200.jpg 300w, https:\/\/www.jobs4all.erasmus.site\/wp-content\/uploads\/2022\/06\/silhouette-of-confident-businesspeople-768x512.jpg 768w, https:\/\/www.jobs4all.erasmus.site\/wp-content\/uploads\/2022\/06\/silhouette-of-confident-businesspeople-930x620.jpg 930w, https:\/\/www.jobs4all.erasmus.site\/wp-content\/uploads\/2022\/06\/silhouette-of-confident-businesspeople.jpg 1500w\" sizes=\"(max-width: 1024px) 100vw, 1024px\" \/>\t\t\t\t\t\t\t\t\t\t\t\t\t\t\t<\/div>\n\t\t\t\t<\/div>\n\t\t\t\t\t<\/div>\n\t\t<\/div>\n\t\t\t\t\t<\/div>\n\t\t<\/section>\n\t\t\t\t<section class=\"elementor-section elementor-top-section elementor-element elementor-element-8593b04 elementor-section-boxed elementor-section-height-default elementor-section-height-default elementor-invisible\" data-id=\"8593b04\" data-element_type=\"section\" data-e-type=\"section\" data-settings=\"{&quot;animation&quot;:&quot;fadeInRight&quot;}\">\n\t\t\t\t\t\t<div class=\"elementor-container elementor-column-gap-default\">\n\t\t\t\t\t<div class=\"elementor-column elementor-col-100 elementor-top-column elementor-element elementor-element-ada6472\" data-id=\"ada6472\" data-element_type=\"column\" data-e-type=\"column\">\n\t\t\t<div class=\"elementor-widget-wrap elementor-element-populated\">\n\t\t\t\t\t\t<div class=\"elementor-element elementor-element-2a37f4b elementor-widget elementor-widget-heading\" data-id=\"2a37f4b\" data-element_type=\"widget\" data-e-type=\"widget\" data-widget_type=\"heading.default\">\n\t\t\t\t<div class=\"elementor-widget-container\">\n\t\t\t\t\t<h2 class=\"elementor-heading-title elementor-size-default\">Cons\u00f3rcio<\/h2>\t\t\t\t<\/div>\n\t\t\t\t<\/div>\n\t\t\t\t\t<\/div>\n\t\t<\/div>\n\t\t\t\t\t<\/div>\n\t\t<\/section>\n\t\t\t\t<section class=\"elementor-section elementor-top-section elementor-element elementor-element-a3f9665 elementor-section-boxed elementor-section-height-default elementor-section-height-default elementor-invisible\" data-id=\"a3f9665\" data-element_type=\"section\" data-e-type=\"section\" data-settings=\"{&quot;animation&quot;:&quot;fadeInRight&quot;}\">\n\t\t\t\t\t\t<div class=\"elementor-container elementor-column-gap-default\">\n\t\t\t\t\t<div class=\"elementor-column elementor-col-33 elementor-top-column elementor-element elementor-element-b0be529\" data-id=\"b0be529\" data-element_type=\"column\" data-e-type=\"column\">\n\t\t\t<div class=\"elementor-widget-wrap\">\n\t\t\t\t\t\t\t<\/div>\n\t\t<\/div>\n\t\t\t\t<div class=\"elementor-column elementor-col-33 elementor-top-column elementor-element elementor-element-3f60b5f\" data-id=\"3f60b5f\" data-element_type=\"column\" data-e-type=\"column\">\n\t\t\t<div class=\"elementor-widget-wrap elementor-element-populated\">\n\t\t\t\t\t\t<div class=\"elementor-element elementor-element-d70df69 elementor-widget elementor-widget-image\" data-id=\"d70df69\" data-element_type=\"widget\" data-e-type=\"widget\" data-widget_type=\"image.default\">\n\t\t\t\t<div class=\"elementor-widget-container\">\n\t\t\t\t\t\t\t\t\t\t\t\t\t\t\t<img decoding=\"async\" width=\"300\" height=\"300\" src=\"https:\/\/www.jobs4all.erasmus.site\/wp-content\/uploads\/2022\/06\/ib.png\" class=\"attachment-large size-large wp-image-85\" alt=\"\" srcset=\"https:\/\/www.jobs4all.erasmus.site\/wp-content\/uploads\/2022\/06\/ib.png 300w, https:\/\/www.jobs4all.erasmus.site\/wp-content\/uploads\/2022\/06\/ib-150x150.png 150w\" sizes=\"(max-width: 300px) 100vw, 300px\" \/>\t\t\t\t\t\t\t\t\t\t\t\t\t\t\t<\/div>\n\t\t\t\t<\/div>\n\t\t\t\t\t<\/div>\n\t\t<\/div>\n\t\t\t\t<div class=\"elementor-column elementor-col-33 elementor-top-column elementor-element elementor-element-c223717\" data-id=\"c223717\" data-element_type=\"column\" data-e-type=\"column\">\n\t\t\t<div class=\"elementor-widget-wrap\">\n\t\t\t\t\t\t\t<\/div>\n\t\t<\/div>\n\t\t\t\t\t<\/div>\n\t\t<\/section>\n\t\t\t\t<section class=\"elementor-section elementor-top-section elementor-element elementor-element-8054dc8 elementor-section-boxed elementor-section-height-default elementor-section-height-default elementor-invisible\" data-id=\"8054dc8\" data-element_type=\"section\" data-e-type=\"section\" data-settings=\"{&quot;animation&quot;:&quot;fadeInRight&quot;}\">\n\t\t\t\t\t\t<div class=\"elementor-container elementor-column-gap-default\">\n\t\t\t\t\t<div class=\"elementor-column elementor-col-33 elementor-top-column elementor-element elementor-element-0361038\" data-id=\"0361038\" data-element_type=\"column\" data-e-type=\"column\">\n\t\t\t<div class=\"elementor-widget-wrap elementor-element-populated\">\n\t\t\t\t\t\t<div class=\"elementor-element elementor-element-1b49136 elementor-widget elementor-widget-image\" data-id=\"1b49136\" data-element_type=\"widget\" data-e-type=\"widget\" data-widget_type=\"image.default\">\n\t\t\t\t<div class=\"elementor-widget-container\">\n\t\t\t\t\t\t\t\t\t\t\t\t\t\t\t<img decoding=\"async\" width=\"300\" height=\"300\" src=\"https:\/\/www.jobs4all.erasmus.site\/wp-content\/uploads\/2022\/06\/rurar.png\" class=\"attachment-large size-large wp-image-90\" alt=\"\" srcset=\"https:\/\/www.jobs4all.erasmus.site\/wp-content\/uploads\/2022\/06\/rurar.png 300w, https:\/\/www.jobs4all.erasmus.site\/wp-content\/uploads\/2022\/06\/rurar-150x150.png 150w\" sizes=\"(max-width: 300px) 100vw, 300px\" \/>\t\t\t\t\t\t\t\t\t\t\t\t\t\t\t<\/div>\n\t\t\t\t<\/div>\n\t\t\t\t\t<\/div>\n\t\t<\/div>\n\t\t\t\t<div class=\"elementor-column elementor-col-33 elementor-top-column elementor-element elementor-element-3c284d1\" data-id=\"3c284d1\" data-element_type=\"column\" data-e-type=\"column\">\n\t\t\t<div class=\"elementor-widget-wrap elementor-element-populated\">\n\t\t\t\t\t\t<div class=\"elementor-element elementor-element-ba6a4f6 elementor-widget elementor-widget-image\" data-id=\"ba6a4f6\" data-element_type=\"widget\" data-e-type=\"widget\" data-widget_type=\"image.default\">\n\t\t\t\t<div class=\"elementor-widget-container\">\n\t\t\t\t\t\t\t\t\t\t\t\t\t\t\t<img loading=\"lazy\" decoding=\"async\" width=\"300\" height=\"300\" src=\"https:\/\/www.jobs4all.erasmus.site\/wp-content\/uploads\/2022\/07\/ihf.png\" class=\"attachment-large size-large wp-image-138\" alt=\"\" srcset=\"https:\/\/www.jobs4all.erasmus.site\/wp-content\/uploads\/2022\/07\/ihf.png 300w, https:\/\/www.jobs4all.erasmus.site\/wp-content\/uploads\/2022\/07\/ihf-150x150.png 150w\" sizes=\"(max-width: 300px) 100vw, 300px\" \/>\t\t\t\t\t\t\t\t\t\t\t\t\t\t\t<\/div>\n\t\t\t\t<\/div>\n\t\t\t\t\t<\/div>\n\t\t<\/div>\n\t\t\t\t<div class=\"elementor-column elementor-col-33 elementor-top-column elementor-element elementor-element-fec130b\" data-id=\"fec130b\" data-element_type=\"column\" data-e-type=\"column\">\n\t\t\t<div class=\"elementor-widget-wrap elementor-element-populated\">\n\t\t\t\t\t\t<div class=\"elementor-element elementor-element-396a735 elementor-widget elementor-widget-image\" data-id=\"396a735\" data-element_type=\"widget\" data-e-type=\"widget\" data-widget_type=\"image.default\">\n\t\t\t\t<div class=\"elementor-widget-container\">\n\t\t\t\t\t\t\t\t\t\t\t\t\t\t\t<img loading=\"lazy\" decoding=\"async\" width=\"300\" height=\"300\" src=\"https:\/\/www.jobs4all.erasmus.site\/wp-content\/uploads\/2022\/06\/mindshift.png\" class=\"attachment-large size-large wp-image-99\" alt=\"\" srcset=\"https:\/\/www.jobs4all.erasmus.site\/wp-content\/uploads\/2022\/06\/mindshift.png 300w, https:\/\/www.jobs4all.erasmus.site\/wp-content\/uploads\/2022\/06\/mindshift-150x150.png 150w\" sizes=\"(max-width: 300px) 100vw, 300px\" \/>\t\t\t\t\t\t\t\t\t\t\t\t\t\t\t<\/div>\n\t\t\t\t<\/div>\n\t\t\t\t\t<\/div>\n\t\t<\/div>\n\t\t\t\t\t<\/div>\n\t\t<\/section>\n\t\t\t\t<section class=\"elementor-section elementor-top-section elementor-element elementor-element-3d0d000 elementor-section-boxed elementor-section-height-default elementor-section-height-default elementor-invisible\" data-id=\"3d0d000\" data-element_type=\"section\" data-e-type=\"section\" data-settings=\"{&quot;animation&quot;:&quot;fadeInRight&quot;}\">\n\t\t\t\t\t\t<div class=\"elementor-container elementor-column-gap-default\">\n\t\t\t\t\t<div class=\"elementor-column elementor-col-25 elementor-top-column elementor-element elementor-element-dd4749f\" data-id=\"dd4749f\" data-element_type=\"column\" data-e-type=\"column\">\n\t\t\t<div class=\"elementor-widget-wrap elementor-element-populated\">\n\t\t\t\t\t\t<div class=\"elementor-element elementor-element-e1e2556 elementor-widget elementor-widget-image\" data-id=\"e1e2556\" data-element_type=\"widget\" data-e-type=\"widget\" data-widget_type=\"image.default\">\n\t\t\t\t<div class=\"elementor-widget-container\">\n\t\t\t\t\t\t\t\t\t\t\t\t\t\t\t<img loading=\"lazy\" decoding=\"async\" width=\"300\" height=\"300\" src=\"https:\/\/www.jobs4all.erasmus.site\/wp-content\/uploads\/2022\/06\/iasis.png\" class=\"attachment-large size-large wp-image-106\" alt=\"\" srcset=\"https:\/\/www.jobs4all.erasmus.site\/wp-content\/uploads\/2022\/06\/iasis.png 300w, https:\/\/www.jobs4all.erasmus.site\/wp-content\/uploads\/2022\/06\/iasis-150x150.png 150w\" sizes=\"(max-width: 300px) 100vw, 300px\" \/>\t\t\t\t\t\t\t\t\t\t\t\t\t\t\t<\/div>\n\t\t\t\t<\/div>\n\t\t\t\t\t<\/div>\n\t\t<\/div>\n\t\t\t\t<div class=\"elementor-column elementor-col-25 elementor-top-column elementor-element elementor-element-d9bc574\" data-id=\"d9bc574\" data-element_type=\"column\" data-e-type=\"column\">\n\t\t\t<div class=\"elementor-widget-wrap elementor-element-populated\">\n\t\t\t\t\t\t<div class=\"elementor-element elementor-element-e063005 elementor-widget elementor-widget-image\" data-id=\"e063005\" data-element_type=\"widget\" data-e-type=\"widget\" data-widget_type=\"image.default\">\n\t\t\t\t<div class=\"elementor-widget-container\">\n\t\t\t\t\t\t\t\t\t\t\t\t\t\t\t<img loading=\"lazy\" decoding=\"async\" width=\"300\" height=\"300\" src=\"https:\/\/www.jobs4all.erasmus.site\/wp-content\/uploads\/2022\/06\/csi.png\" class=\"attachment-large size-large wp-image-110\" alt=\"\" srcset=\"https:\/\/www.jobs4all.erasmus.site\/wp-content\/uploads\/2022\/06\/csi.png 300w, https:\/\/www.jobs4all.erasmus.site\/wp-content\/uploads\/2022\/06\/csi-150x150.png 150w\" sizes=\"(max-width: 300px) 100vw, 300px\" \/>\t\t\t\t\t\t\t\t\t\t\t\t\t\t\t<\/div>\n\t\t\t\t<\/div>\n\t\t\t\t\t<\/div>\n\t\t<\/div>\n\t\t\t\t<div class=\"elementor-column elementor-col-25 elementor-top-column elementor-element elementor-element-fe97fd7\" data-id=\"fe97fd7\" data-element_type=\"column\" data-e-type=\"column\">\n\t\t\t<div class=\"elementor-widget-wrap elementor-element-populated\">\n\t\t\t\t\t\t<div class=\"elementor-element elementor-element-eed0725 elementor-widget elementor-widget-image\" data-id=\"eed0725\" data-element_type=\"widget\" data-e-type=\"widget\" data-widget_type=\"image.default\">\n\t\t\t\t<div class=\"elementor-widget-container\">\n\t\t\t\t\t\t\t\t\t\t\t\t\t\t\t<img loading=\"lazy\" decoding=\"async\" width=\"300\" height=\"300\" src=\"https:\/\/www.jobs4all.erasmus.site\/wp-content\/uploads\/2022\/06\/danmar.png\" class=\"attachment-large size-large wp-image-111\" alt=\"\" srcset=\"https:\/\/www.jobs4all.erasmus.site\/wp-content\/uploads\/2022\/06\/danmar.png 300w, https:\/\/www.jobs4all.erasmus.site\/wp-content\/uploads\/2022\/06\/danmar-150x150.png 150w\" sizes=\"(max-width: 300px) 100vw, 300px\" \/>\t\t\t\t\t\t\t\t\t\t\t\t\t\t\t<\/div>\n\t\t\t\t<\/div>\n\t\t\t\t\t<\/div>\n\t\t<\/div>\n\t\t\t\t<div class=\"elementor-column elementor-col-25 elementor-top-column elementor-element elementor-element-9ba8005\" data-id=\"9ba8005\" data-element_type=\"column\" data-e-type=\"column\">\n\t\t\t<div class=\"elementor-widget-wrap elementor-element-populated\">\n\t\t\t\t\t\t<div class=\"elementor-element elementor-element-b83d4bc elementor-widget elementor-widget-image\" data-id=\"b83d4bc\" data-element_type=\"widget\" data-e-type=\"widget\" data-widget_type=\"image.default\">\n\t\t\t\t<div class=\"elementor-widget-container\">\n\t\t\t\t\t\t\t\t\t\t\t\t\t\t\t<img loading=\"lazy\" decoding=\"async\" width=\"300\" height=\"300\" src=\"https:\/\/www.jobs4all.erasmus.site\/wp-content\/uploads\/2022\/06\/formation.png\" class=\"attachment-large size-large wp-image-95\" alt=\"\" srcset=\"https:\/\/www.jobs4all.erasmus.site\/wp-content\/uploads\/2022\/06\/formation.png 300w, https:\/\/www.jobs4all.erasmus.site\/wp-content\/uploads\/2022\/06\/formation-150x150.png 150w\" sizes=\"(max-width: 300px) 100vw, 300px\" \/>\t\t\t\t\t\t\t\t\t\t\t\t\t\t\t<\/div>\n\t\t\t\t<\/div>\n\t\t\t\t\t<\/div>\n\t\t<\/div>\n\t\t\t\t\t<\/div>\n\t\t<\/section>\n\t\t\t\t<\/div>\n\t\t","protected":false},"excerpt":{"rendered":"<p>Bem-vindo ao website do JOBS4ALL! Este inovador projeto Erasmus+ KA2 tem como objetivo melhorar a coopera\u00e7\u00e3o entre empresas e entidades de Ensino e Forma\u00e7\u00e3o Profissional (EFP), promovendo \u00e0 adapta\u00e7\u00e3o do EFP \u00e0s necessidades do mercado de trabalho. Leia mais\u2026 Sobre JOBS4ALL &#8211; Fitting VET- business for the future employment of all \u00e9 um projeto Erasmus+&hellip;&nbsp;<a href=\"https:\/\/www.jobs4all.erasmus.site\/pt\/\" rel=\"bookmark\">Ler mais &raquo;<span class=\"screen-reader-text\">In\u00edcio<\/span><\/a><\/p>\n","protected":false},"author":1,"featured_media":0,"parent":0,"menu_order":0,"comment_status":"closed","ping_status":"closed","template":"page-templates\/template-pagebuilder-full-width.php","meta":{"neve_meta_sidebar":"","neve_meta_container":"","neve_meta_enable_content_width":"on","neve_meta_content_width":100,"neve_meta_title_alignment":"","neve_meta_author_avatar":"","neve_post_elements_order":"","neve_meta_disable_header":"","neve_meta_disable_footer":"","neve_meta_disable_title":"on","footnotes":""},"class_list":["post-15","page","type-page","status-publish","hentry"],"_links":{"self":[{"href":"https:\/\/www.jobs4all.erasmus.site\/pt\/wp-json\/wp\/v2\/pages\/15","targetHints":{"allow":["GET"]}}],"collection":[{"href":"https:\/\/www.jobs4all.erasmus.site\/pt\/wp-json\/wp\/v2\/pages"}],"about":[{"href":"https:\/\/www.jobs4all.erasmus.site\/pt\/wp-json\/wp\/v2\/types\/page"}],"author":[{"embeddable":true,"href":"https:\/\/www.jobs4all.erasmus.site\/pt\/wp-json\/wp\/v2\/users\/1"}],"replies":[{"embeddable":true,"href":"https:\/\/www.jobs4all.erasmus.site\/pt\/wp-json\/wp\/v2\/comments?post=15"}],"version-history":[{"count":124,"href":"https:\/\/www.jobs4all.erasmus.site\/pt\/wp-json\/wp\/v2\/pages\/15\/revisions"}],"predecessor-version":[{"id":425,"href":"https:\/\/www.jobs4all.erasmus.site\/pt\/wp-json\/wp\/v2\/pages\/15\/revisions\/425"}],"wp:attachment":[{"href":"https:\/\/www.jobs4all.erasmus.site\/pt\/wp-json\/wp\/v2\/media?parent=15"}],"curies":[{"name":"wp","href":"https:\/\/api.w.org\/{rel}","templated":true}]}}