{"id":126,"date":"2022-06-30T11:29:25","date_gmt":"2022-06-30T11:29:25","guid":{"rendered":"https:\/\/www.jobs4all.erasmus.site\/?page_id=126"},"modified":"2024-02-15T12:36:23","modified_gmt":"2024-02-15T12:36:23","slug":"project-partners","status":"publish","type":"page","link":"https:\/\/www.jobs4all.erasmus.site\/pt\/project-partners\/","title":{"rendered":"Cons\u00f3rcio"},"content":{"rendered":"<p><\/p>\n<h3 style=\"text-align: center;\"><img fetchpriority=\"high\" decoding=\"async\" class=\"size-full wp-image-85 aligncenter\" src=\"https:\/\/www.jobs4all.erasmus.site\/wp-content\/uploads\/2022\/06\/ib.png\" alt=\"\" width=\"300\" height=\"300\" srcset=\"https:\/\/www.jobs4all.erasmus.site\/wp-content\/uploads\/2022\/06\/ib.png 300w, https:\/\/www.jobs4all.erasmus.site\/wp-content\/uploads\/2022\/06\/ib-150x150.png 150w\" sizes=\"(max-width: 300px) 100vw, 300px\" \/><br \/>\nInternationaler Bund- IB &#8211; Alemanha &#8211; Coordenador do projeto<\/h3>\n<p>O Internationaler Bund (IB) Mitte gGmbH faz parte do Grupo IB, uma organiza\u00e7\u00e3o n\u00e3o governamental independente e um dos maiores prestadores de servi\u00e7os nos dom\u00ednios da juventude e do trabalho social, educa\u00e7\u00e3o e servi\u00e7os do mercado de trabalho na Europa. O IB estabeleceu mais de 700 instala\u00e7\u00f5es e filiais em 300 locais em todo o mundo, ajudando anualmente 350.000 crian\u00e7as, adolescentes, adultos e idosos com a sua carreira e planeamento pessoal e oferecendo uma vasta gama de servi\u00e7os. Os seus objetivos s\u00e3o ajudar as pessoas a desenvolverem-se, a moldarem as suas pr\u00f3prias vidas, a integrarem-se na sociedade, a assumirem responsabilidades pessoais, a ajudarem ativamente a moldar o desenvolvimento da sociedade e a promoverem a compreens\u00e3o e coopera\u00e7\u00e3o internacional, entre outros. Opera com base na pol\u00edtica social e educativa europeia e disponibiliza os seus conhecimentos e servi\u00e7os em todo o mundo.<\/p>\n<p>A sua vis\u00e3o \u00e9 &#8220;Refor\u00e7ar o Ser Humano&#8221;.<\/p>\n<p><a href=\"https:\/\/internationaler-bund.org\/\">www.internationaler-bund.org<\/a><\/p>\n<p><a href=\"http:\/\/www.ib.de\/\">www.ib.de<\/a><\/p>\n<p><a href=\"http:\/\/www.ib-mitte.de\/\">www.ib-mitte.de<\/a><\/p>\n<hr \/>\n<h3 style=\"text-align: center;\"><img decoding=\"async\" class=\"alignnone wp-image-90 size-full\" src=\"https:\/\/www.jobs4all.erasmus.site\/wp-content\/uploads\/2022\/06\/rurar.png\" alt=\"\" width=\"300\" height=\"300\" srcset=\"https:\/\/www.jobs4all.erasmus.site\/wp-content\/uploads\/2022\/06\/rurar.png 300w, https:\/\/www.jobs4all.erasmus.site\/wp-content\/uploads\/2022\/06\/rurar-150x150.png 150w\" sizes=\"(max-width: 300px) 100vw, 300px\" \/><br \/>\nTHE RURAL HUB &#8211; Irlanda<\/h3>\n<p>Criado em 2012, o Rural Hub oferece uma vasta gama de programas de forma\u00e7\u00e3o e desenvolvimento de capacidades aos seus mun\u00edcipes, formadores e coletividades locais. As \u00e1reas do desenvolvimento comunit\u00e1rio, da inclus\u00e3o social e da inova\u00e7\u00e3o educativa s\u00e3o trabalhadas de forma especializada. Desenvolvem v\u00e1rias iniciativas locais para apoiar a inclus\u00e3o social de jovens de zonas rurais, comunidades de migrantes e residentes idosos. Na colabora\u00e7\u00e3o com os p\u00fablicos-alvo, s\u00e3o utilizadas abordagens criativas com recurso aos meios de comunica\u00e7\u00e3o digitais, promovendo assim a uma maior coes\u00e3o social entre as comunidades locais da regi\u00e3o. Disp\u00f5em de uma rede desenvolvida de stakeholders ao n\u00edvel municipal que apoiam tematicamente as atividades desenvolvidas. Atrav\u00e9s do trabalho para a comunidade, disponibilizam programas informais de educa\u00e7\u00e3o para adultos, escolas e jovens e tamb\u00e9m para a promo\u00e7\u00e3o do acesso \u00e0 aprendizagem ao longo da vida.<\/p>\n<p><a href=\"http:\/\/www.theruralhub.ie\/\" target=\"_blank\" rel=\"noopener\">www.theruralhub.ie<\/a><\/p>\n<p>@RuralHubVirginia<\/p>\n<hr \/>\n<h3 style=\"text-align: center;\"><img decoding=\"async\" class=\"alignnone wp-image-138 size-full\" src=\"https:\/\/www.jobs4all.erasmus.site\/wp-content\/uploads\/2022\/07\/ihf.png\" alt=\"\" width=\"300\" height=\"300\" srcset=\"https:\/\/www.jobs4all.erasmus.site\/wp-content\/uploads\/2022\/07\/ihf.png 300w, https:\/\/www.jobs4all.erasmus.site\/wp-content\/uploads\/2022\/07\/ihf-150x150.png 150w\" sizes=\"(max-width: 300px) 100vw, 300px\" \/><br \/>\n<strong>IHF \u2013 Institut de Haute Formation aux Politiques Communautaires &#8211; B\u00e9lgica<br \/>\n<\/strong><\/h3>\n<p>O IHF asbl \u00e9 uma organiza\u00e7\u00e3o sem fins lucrativos constitu\u00edda em 2003 em Bruxelas (B\u00e9lgica).<\/p>\n<p>Tem como principal objetivo fornecer \u00e0 comunidade (incluindo entidades sem fins lucrativos e entidades locais) assist\u00eancia para o desenvolvimento de uma coopera\u00e7\u00e3o internacional mais ampla, atrav\u00e9s da realiza\u00e7\u00e3o de atividades de forma\u00e7\u00e3o especializada sobre pol\u00edticas europeias e na divulga\u00e7\u00e3o dos valores europeus.<\/p>\n<p>Um dos meios para alcan\u00e7ar este objetivo \u00e9 a organiza\u00e7\u00e3o de cursos e semin\u00e1rios altamente especializados centrados no desenvolvimento de projetos europeus. Os cursos centram-se em pol\u00edticas e legisla\u00e7\u00e3o da UE, rela\u00e7\u00f5es internacionais e gest\u00e3o de projetos, promovendo a possibilidade de participa\u00e7\u00e3o em programas financiados pela UE.<\/p>\n<p>O IHF organiza tamb\u00e9m grupos de estudo em Bruxelas para jovens licenciados, para representantes das autoridades locais, para PME e para universidades, promovendo atividades de mobilidade a diferentes n\u00edveis de forma\u00e7\u00e3o. Desde 2004, organizou mais de 40 visitas de estudo a Bruxelas para mais de 500 pessoas.<\/p>\n<p>Disponibiliza ainda assist\u00eancia atrav\u00e9s do acompanhamento cont\u00ednuo da legisla\u00e7\u00e3o da UE e das atividades das institui\u00e7\u00f5es europeias e consequente dissemina\u00e7\u00e3o de informa\u00e7\u00e3o relacionada, apoio na procura de parceiros e na cria\u00e7\u00e3o de redes. Gra\u00e7as \u00e0 sua presen\u00e7a em Bruxelas, adquiriu uma experi\u00eancia relevante na organiza\u00e7\u00e3o de atividades de dissemina\u00e7\u00e3o e valoriza\u00e7\u00e3o ao n\u00edvel da UE, atrav\u00e9s de contatos com membros do parlamento europeu, com associa\u00e7\u00f5es e institui\u00e7\u00f5es europeias, stakeholders e grupos de consumidores, etc.<\/p>\n<p><a href=\"https:\/\/www.ihfeurope.eu\/\">https:\/\/www.ihfeurope.eu\/<\/a><\/p>\n<p><a href=\"https:\/\/www.facebook.com\/ihfeurope\">https:\/\/www.facebook.com\/ihfeurope<\/a><\/p>\n<p><a href=\"https:\/\/www.linkedin.com\/in\/ihf-asbl\/\">https:\/\/www.linkedin.com\/in\/ihf-asbl\/<\/a><\/p>\n<p><a href=\"https:\/\/www.instagram.com\/ihfeurope\/\">https:\/\/www.instagram.com\/ihfeurope\/<\/a><\/p>\n<hr \/>\n<h3 style=\"text-align: center;\"><img loading=\"lazy\" decoding=\"async\" class=\"alignnone wp-image-139 size-full\" src=\"https:\/\/www.jobs4all.erasmus.site\/wp-content\/uploads\/2022\/07\/mindshift.png\" alt=\"\" width=\"300\" height=\"300\" srcset=\"https:\/\/www.jobs4all.erasmus.site\/wp-content\/uploads\/2022\/07\/mindshift.png 300w, https:\/\/www.jobs4all.erasmus.site\/wp-content\/uploads\/2022\/07\/mindshift-150x150.png 150w\" sizes=\"(max-width: 300px) 100vw, 300px\" \/><br \/>\n<strong>Mindshift Talent Advisory &#8211; Portugal<br \/>\n<\/strong><\/h3>\n<p>A Mindshift \u00e9 uma empresa de consultoria especialista em Recursos Humanos que aposta na performance e atualiza\u00e7\u00e3o das compet\u00eancias das pessoas, procurando favorecer a maturidade digital e interpessoal nas organiza\u00e7\u00f5es e sociedade.<\/p>\n<p>Ao n\u00edvel nacional, a Mindshift tem como um dos seus principais parceiros a The Key Talent Portugal, uma Consulting HR Tech especializada em Social Atraction e Talent Assessment que desenvolve plataformas, como o Panorama e o AplyGo, que permitem otimizar, implementar e gerir processos de RH digitais, \u00e1geis e atrativos baseados em an\u00e1lise de dados.<\/p>\n<p>Ao n\u00edvel europeu, constitui um parceiro de refer\u00eancia no desenvolvimento de projetos de coopera\u00e7\u00e3o estrat\u00e9gica transnacional para a cria\u00e7\u00e3o de solu\u00e7\u00f5es inovadoras na \u00e1rea da forma\u00e7\u00e3o de jovens e adultos, em seis \u00e1reas estrat\u00e9gicas: transforma\u00e7\u00e3o digital; upskiling &amp; reskilling; capacita\u00e7\u00e3o de mulheres; empreendedorismo &amp; criatividade; desenvolvimento sustent\u00e1vel; inclus\u00e3o &amp; empregabilidade.<\/p>\n<p>A Mindshift est\u00e1 fortemente comprometida com os princ\u00edpios de Responsabilidade Social e com a Agenda 2030 para o Desenvolvimento Sustent\u00e1vel, reunindo uma equipa de colaboradores com diversas forma\u00e7\u00f5es e experi\u00eancia profissional.<\/p>\n<p><a href=\"http:\/\/www.mindshift.pt\/\">www.mindshift.pt<\/a><\/p>\n<p><a href=\"http:\/\/www.facebook.com\/mindshift.talent.advisory\">www.facebook.com\/mindshift.talent.advisory<\/a><\/p>\n<p><a href=\"http:\/\/www.linkedin.com\/company\/mindshift-talentadvisory\">www.linkedin.com\/company\/mindshift-talentadvisory<\/a><\/p>\n<hr \/>\n<h3 style=\"text-align: center;\"><img loading=\"lazy\" decoding=\"async\" class=\"alignnone wp-image-141 size-full\" src=\"https:\/\/www.jobs4all.erasmus.site\/wp-content\/uploads\/2022\/07\/iasis.png\" alt=\"\" width=\"300\" height=\"300\" srcset=\"https:\/\/www.jobs4all.erasmus.site\/wp-content\/uploads\/2022\/07\/iasis.png 300w, https:\/\/www.jobs4all.erasmus.site\/wp-content\/uploads\/2022\/07\/iasis-150x150.png 150w\" sizes=\"(max-width: 300px) 100vw, 300px\" \/><br \/>\n<strong>IASIS &#8211; Gr\u00e9cia<br \/>\n<\/strong><\/h3>\n<p>A IASIS NGO \u00e9 uma organiza\u00e7\u00e3o n\u00e3o governamental sem fins lucrativos que trabalha nas \u00e1reas da inclus\u00e3o social, da sa\u00fade mental e desinstitucionaliza\u00e7\u00e3o e participa ativamente na reforma psiqui\u00e1trica promovida pelo minist\u00e9rio da sa\u00fade e solidariedade social grego e pela Uni\u00e3o Europeia. Tem um registo oficial como organiza\u00e7\u00e3o privada sem fins lucrativos e um registo especial nas listas de organiza\u00e7\u00f5es n\u00e3o governamentais volunt\u00e1rias. Tem tamb\u00e9m um sistema de compet\u00eancia de gest\u00e3o certificado pelo departamento de sa\u00fade e solidariedade social. S\u00e3o objetivos fundamentais da organiza\u00e7\u00e3o fornecer apoio psicossocial e educa\u00e7\u00e3o a pessoas que est\u00e3o em risco de exclus\u00e3o e formar adultos na \u00e1rea da ajuda humanit\u00e1ria.<\/p>\n<p><a href=\"http:\/\/www.iasismed.eu\">www.iasismed.eu<\/a><\/p>\n<hr \/>\n<h3 style=\"text-align: center;\"><img loading=\"lazy\" decoding=\"async\" class=\"alignnone wp-image-142 size-full\" src=\"https:\/\/www.jobs4all.erasmus.site\/wp-content\/uploads\/2022\/07\/csi.png\" alt=\"\" width=\"300\" height=\"300\" srcset=\"https:\/\/www.jobs4all.erasmus.site\/wp-content\/uploads\/2022\/07\/csi.png 300w, https:\/\/www.jobs4all.erasmus.site\/wp-content\/uploads\/2022\/07\/csi-150x150.png 150w\" sizes=\"(max-width: 300px) 100vw, 300px\" \/><\/h3>\n<h3 style=\"text-align: center;\"><strong>Center for Social Innovation (CSI) &#8211; Chipre<br \/>\n<\/strong><\/h3>\n<p>O Center for Social Innovation (CSI) \u00e9 uma organiza\u00e7\u00e3o de Investiga\u00e7\u00e3o e Desenvolvimento, que se concentra na promo\u00e7\u00e3o da inova\u00e7\u00e3o social que pode trazer uma mudan\u00e7a positiva para as entidades locais, regionais, nacionais e globais. Estas entidades incluem governos, ag\u00eancias administrativas locais, ag\u00eancias sem fins lucrativos, entidades comerciais e institui\u00e7\u00f5es educacionais, entre outras. A equipa do CSI \u00e9 composta por investigadores, empres\u00e1rios, gestores de projetos, formadores e especialistas em Tecnologias de Informa\u00e7\u00e3o. O CSI engloba a capacidade e a aptid\u00e3o de identificar necessidades sociais e conceber e implementar iniciativas ajustadas para um crescimento sustent\u00e1vel. As \u00e1reas de especializa\u00e7\u00e3o focam-se na educa\u00e7\u00e3o tradicional e e-learning, empreendedorismo, start-ups, inova\u00e7\u00e3o, criatividade, servi\u00e7os de consultoria em propriedade intelectual, responsabilidade social, solu\u00e7\u00f5es de consultoria empresarial, an\u00e1lise de dados, tecnologias de informa\u00e7\u00e3o, gest\u00e3o de projetos, servi\u00e7os de avalia\u00e7\u00e3o de projetos, valida\u00e7\u00e3o de produtos, forma\u00e7\u00e3o e jogos de computador. O CSI retira conhecimento e compet\u00eancias da sua vasta rede global, que inclui institui\u00e7\u00f5es acad\u00e9micas, empresas de TI, organiza\u00e7\u00f5es internacionais, start-ups e servi\u00e7os p\u00fablicos.<\/p>\n<p><a href=\"http:\/\/www.iasismed.eu\">www.iasismed.eu<\/a><\/p>\n<hr \/>\n<h3 style=\"text-align: center;\"><img loading=\"lazy\" decoding=\"async\" class=\"alignnone wp-image-144 size-full\" src=\"https:\/\/www.jobs4all.erasmus.site\/wp-content\/uploads\/2022\/07\/danmar.png\" alt=\"\" width=\"300\" height=\"300\" srcset=\"https:\/\/www.jobs4all.erasmus.site\/wp-content\/uploads\/2022\/07\/danmar.png 300w, https:\/\/www.jobs4all.erasmus.site\/wp-content\/uploads\/2022\/07\/danmar-150x150.png 150w\" sizes=\"(max-width: 300px) 100vw, 300px\" \/><\/h3>\n<h3 style=\"text-align: center;\"><strong>DANMAR COMPUTERS &#8211; Pol\u00f3nia<br \/>\n<\/strong><\/h3>\n<p>A Danmar Computers LLC \u00e9 uma empresa privada que opera e fornece forma\u00e7\u00e3o no campo das tecnologias de informa\u00e7\u00e3o. Tem uma vasta experi\u00eancia no desenvolvimento de aplica\u00e7\u00f5es m\u00f3veis e web modernas que s\u00e3o utilizadas para fins educativos. Tem tamb\u00e9m uma longa experi\u00eancia na realiza\u00e7\u00e3o de projetos europeus, no \u00e2mbito dos quais o seus colaboradores de I&amp;D conduzem investiga\u00e7\u00f5es e preparam forma\u00e7\u00f5es adaptadas \u00e0s necessidades dos formandos. Durante 22 anos, implementou com sucesso mais de 100 projetos no \u00e2mbito de programas Grundtvig, Leonardo da Vinci, Progress e Erasmus+. Em muitos destes projetos, foi respons\u00e1vel pela conce\u00e7\u00e3o e coordena\u00e7\u00e3o de estrat\u00e9gias de divulga\u00e7\u00e3o.<\/p>\n<p>A Danmar Computers \u00e9 a criadora e fornecedora de AdminProject, o sistema online para a gest\u00e3o de projetos europeus. Todas as atividades desta empresa baseiam-se numa ampla e bem estabelecida rede de coopera\u00e7\u00e3o, tanto ao n\u00edvel nacional, como internacional. As redes nacionais incluem institui\u00e7\u00f5es de forma\u00e7\u00e3o e aconselhamento, universidades, escolas, organiza\u00e7\u00f5es n\u00e3o governamentais, bem como empresas do setor privado. As redes internacionais incluem parceiros com v\u00e1rios perfis provenientes de todos os pa\u00edses da Uni\u00e3o Europeia. A miss\u00e3o da Danmar Computers LLC \u00e9 a promo\u00e7\u00e3o da forma\u00e7\u00e3o ao longo da vida e a garantia de acesso igualit\u00e1rio \u00e0 educa\u00e7\u00e3o para todos, atrav\u00e9s da utiliza\u00e7\u00e3o das novas tecnologias.<\/p>\n<p><a href=\"https:\/\/danmar-computers.com.pl\/\">https:\/\/danmar-computers.com.pl<\/a><\/p>\n<p><strong>Social Media:<\/strong><\/p>\n<p><a href=\"https:\/\/www.facebook.com\/pages\/Danmar-Computers\/144597388897753\">https:\/\/www.facebook.com\/pages\/Danmar-Computers\/144597388897753<\/a><\/p>\n<p><a href=\"https:\/\/www.linkedin.com\/company\/danmar-computers\">https:\/\/www.linkedin.com\/company\/danmar-computers<\/a><\/p>\n<p><a href=\"https:\/\/twitter.com\/DanmarComputers\">https:\/\/twitter.com\/DanmarComputers<\/a><\/p>\n<hr \/>\n<h3 style=\"text-align: center;\"><img loading=\"lazy\" decoding=\"async\" class=\"alignnone wp-image-146 size-full\" src=\"https:\/\/www.jobs4all.erasmus.site\/wp-content\/uploads\/2022\/07\/fondo.png\" alt=\"\" width=\"300\" height=\"300\" srcset=\"https:\/\/www.jobs4all.erasmus.site\/wp-content\/uploads\/2022\/07\/fondo.png 300w, https:\/\/www.jobs4all.erasmus.site\/wp-content\/uploads\/2022\/07\/fondo-150x150.png 150w\" sizes=\"(max-width: 300px) 100vw, 300px\" \/><\/h3>\n<h3 style=\"text-align: center;\"><strong>FONDO FORMACION EUSKADI SLL &#8211; Espanha<br \/>\n<\/strong><\/h3>\n<p>O Fondo Formaci\u00f3n Euskadi \u00e9 uma organiza\u00e7\u00e3o assente no seu capital humano, cujo objetivo \u00e9 melhorar o desempenho profissional e empresarial atrav\u00e9s da qualifica\u00e7\u00e3o e do desenvolvimento das pessoas.<\/p>\n<p>Com mais de 30 anos de experi\u00eancia na \u00e1rea do EFP, os seus clientes confiam no Fondo Formaci\u00f3n Euskadi devido \u00e0 oferta de servi\u00e7os de forma\u00e7\u00e3o avan\u00e7ados para uma forma\u00e7\u00e3o integral com um elevado n\u00edvel de qualidade e inova\u00e7\u00e3o.<\/p>\n<p>A organiza\u00e7\u00e3o \u00e9 composta por cerca de 50 profissionais orientados para a gest\u00e3o da forma\u00e7\u00e3o, com a colabora\u00e7\u00e3o de uma equipa pedag\u00f3gica de mais de 100 formadores acreditados em metodologias de aprendizagem com vasta experi\u00eancia e especializa\u00e7\u00e3o nas suas \u00e1reas de compet\u00eancia.<\/p>\n<p>Disp\u00f5e de instala\u00e7\u00f5es nos tr\u00eas territ\u00f3rios da comunidade aut\u00f3noma basca com mais de 3.000 m2 de salas de aula totalmente equipadas.<br \/>\n<a href=\"https:\/\/www.ffeuskadi.net\">www.ffeuskadi.net<\/a><\/p>","protected":false},"excerpt":{"rendered":"<p>Internationaler Bund- IB &#8211; Alemanha &#8211; Coordenador do projeto O Internationaler Bund (IB) Mitte gGmbH faz parte do Grupo IB, uma organiza\u00e7\u00e3o n\u00e3o governamental independente e um dos maiores prestadores de servi\u00e7os nos dom\u00ednios da juventude e do trabalho social, educa\u00e7\u00e3o e servi\u00e7os do mercado de trabalho na Europa. O IB estabeleceu mais de 700&hellip;&nbsp;<a href=\"https:\/\/www.jobs4all.erasmus.site\/pt\/project-partners\/\" rel=\"bookmark\">Ler mais &raquo;<span class=\"screen-reader-text\">Cons\u00f3rcio<\/span><\/a><\/p>\n","protected":false},"author":1,"featured_media":0,"parent":0,"menu_order":0,"comment_status":"closed","ping_status":"closed","template":"","meta":{"neve_meta_sidebar":"","neve_meta_container":"","neve_meta_enable_content_width":"off","neve_meta_content_width":100,"neve_meta_title_alignment":"","neve_meta_author_avatar":"","neve_post_elements_order":"","neve_meta_disable_header":"","neve_meta_disable_footer":"","neve_meta_disable_title":"","footnotes":""},"class_list":["post-126","page","type-page","status-publish","hentry"],"_links":{"self":[{"href":"https:\/\/www.jobs4all.erasmus.site\/pt\/wp-json\/wp\/v2\/pages\/126","targetHints":{"allow":["GET"]}}],"collection":[{"href":"https:\/\/www.jobs4all.erasmus.site\/pt\/wp-json\/wp\/v2\/pages"}],"about":[{"href":"https:\/\/www.jobs4all.erasmus.site\/pt\/wp-json\/wp\/v2\/types\/page"}],"author":[{"embeddable":true,"href":"https:\/\/www.jobs4all.erasmus.site\/pt\/wp-json\/wp\/v2\/users\/1"}],"replies":[{"embeddable":true,"href":"https:\/\/www.jobs4all.erasmus.site\/pt\/wp-json\/wp\/v2\/comments?post=126"}],"version-history":[{"count":19,"href":"https:\/\/www.jobs4all.erasmus.site\/pt\/wp-json\/wp\/v2\/pages\/126\/revisions"}],"predecessor-version":[{"id":428,"href":"https:\/\/www.jobs4all.erasmus.site\/pt\/wp-json\/wp\/v2\/pages\/126\/revisions\/428"}],"wp:attachment":[{"href":"https:\/\/www.jobs4all.erasmus.site\/pt\/wp-json\/wp\/v2\/media?parent=126"}],"curies":[{"name":"wp","href":"https:\/\/api.w.org\/{rel}","templated":true}]}}