{"id":74,"date":"2022-06-30T10:59:58","date_gmt":"2022-06-30T10:59:58","guid":{"rendered":"https:\/\/www.jobs4all.erasmus.site\/?page_id=74"},"modified":"2024-02-15T11:39:55","modified_gmt":"2024-02-15T11:39:55","slug":"about-the-project","status":"publish","type":"page","link":"https:\/\/www.jobs4all.erasmus.site\/pl\/about-the-project\/","title":{"rendered":"O projekcie"},"content":{"rendered":"<p>Projekt jest realizowany w kontek\u015bcie szybkiego tempa rozwoju \u015bwiata, zmieniaj\u0105cego si\u0119 zapotrzebowania na umiej\u0119tno\u015bci i si\u0142\u0119 robocz\u0105, w po\u0142\u0105czeniu z rozwojem gospodarczym, demograficznym i technologicznym, kt\u00f3ry stawia przed systemami kszta\u0142cenia i szkolenia zawodowego powa\u017cne wyzwania, jak r\u00f3wnie\u017c stwarza mo\u017cliwo\u015bci innowacyjnego i integracyjnego reagowania. W ca\u0142ej Europie trwa kilka reform maj\u0105cych na celu wprowadzenie wi\u0119kszej liczby modeli praktyk zawodowych lub wdro\u017cenie innych form uczenia si\u0119 w miejscu pracy. Poniewa\u017c jednak krajowe systemy kszta\u0142cenia i szkolenia zawodowego wywodz\u0105 si\u0119 z bardzo r\u00f3\u017cnych struktur instytucjonalnych i tradycji, mo\u017cna si\u0119 spodziewa\u0107, \u017ce proces reform b\u0119dzie raczej d\u0142ugi i pe\u0142en wyzwa\u0144. Opr\u00f3cz uczenia si\u0119 poprzez prac\u0119, sensowna wsp\u00f3\u0142praca mi\u0119dzy VET a biznesem mo\u017ce utorowa\u0107 drog\u0119 systemom VET do podniesienia jako\u015bci i atrakcyjno\u015bci VET. Partnerzy inicjatywy JOBS4ALL uznaj\u0105, \u017ce kszta\u0142cenie i szkolenie zawodowe musi opiera\u0107 si\u0119 na skutecznym zarz\u0105dzaniu na wszystkich szczeblach i \u017ce silne zaanga\u017cowanie pracodawc\u00f3w ma zasadnicze znaczenie dla tworzenia doskona\u0142ych i sprzyjaj\u0105cych w\u0142\u0105czeniu spo\u0142ecznemu program\u00f3w kszta\u0142cenia i szkolenia zawodowego, kt\u00f3re stwarzaj\u0105 mo\u017cliwo\u015bci zar\u00f3wno w zakresie sp\u00f3jno\u015bci gospodarczej, jak i spo\u0142ecznej, rozwi\u0105zuj\u0105 problem niedopasowania potrzeb pracodawc\u00f3w do umiej\u0119tno\u015bci pracownik\u00f3w oraz wspieraj\u0105 konkurencyjno\u015b\u0107 i zr\u00f3wnowa\u017cony rozw\u00f3j.<\/p>\n<p><strong>Cele<\/strong><\/p>\n<p>Cele projektu JOBS4ALL:<\/p>\n<ul>\n<li>Dostarczenie organizatorom kszta\u0142cenia i szkolenia zawodowego metodologii anga\u017cowania pracodawc\u00f3w do kszta\u0142towania wsp\u00f3\u0142pracy mi\u0119dzy kszta\u0142ceniem i szkoleniem zawodowym a biznesem i wspierania jej trwa\u0142o\u015bci.<\/li>\n<li>Zaanga\u017cowanie i podniesienie kwalifikacji specjalist\u00f3w VET w zakresie skutecznego anga\u017cowania pracodawc\u00f3w poprzez kurs CPD i zestaw narz\u0119dzi praktycznych.<\/li>\n<li>Udost\u0119pnienie zestawu studi\u00f3w przypadk\u00f3w wideo powsta\u0142ych w wyniku pr\u00f3b pilota\u017cowych, maj\u0105cych na celu zwi\u0119kszenie \u015bwiadomo\u015bci i refleksji w\u015br\u00f3d specjalist\u00f3w VET na temat wsp\u00f3lnych wyzwa\u0144.<\/li>\n<li>Zaanga\u017cowanie partner\u00f3w stowarzyszonych i kluczowych interesariuszy w dzia\u0142ania zwi\u0105zane z rozwojem, walidacj\u0105, upowszechnianiem i wykorzystaniem, poprzez grupy ekspert\u00f3w lokalnych, spo\u0142eczno\u015b\u0107 praktyk\u00f3w i wydarzenia o charakterze multiplikacyjnym.<\/li>\n<li>Zwi\u0119kszanie doskona\u0142o\u015bci, atrakcyjno\u015bci i integracyjno\u015bci kszta\u0142cenia i szkolenia zawodowego oraz uczenia si\u0119 w miejscu pracy.<\/li>\n<\/ul>\n<p><strong>Rezultaty<\/strong><\/p>\n<p>W ramach projektu powstan\u0105:<\/p>\n<ol>\n<li>Metodologia JOBS4ALL i program CPD<\/li>\n<li>Studia przypadk\u00f3w JOBS4ALL<\/li>\n<li>Portal edukacyjny i wsp\u00f3lnota praktyk JOBS4ALL<\/li>\n<\/ol>\n<p><strong>Grupa docelowa<\/strong><\/p>\n<p>G\u0142\u00f3wne grupy docelowe projektu oraz osoby, kt\u00f3re mog\u0105 skorzysta\u0107 z materia\u0142\u00f3w i informacji rozpowszechnianych w trakcie projektu to:<\/p>\n<ul>\n<li>Osoby zajmuj\u0105ce si\u0119 poradnictwem edukacyjnym i zawodowym.<\/li>\n<li>Ministerstwa edukacji.<\/li>\n<li>Osoby ucz\u0105ce si\u0119 i organizatorzy kszta\u0142cenia i szkolenia zawodowego.<\/li>\n<li>Stowarzyszenia i zarz\u0105dy VET.<\/li>\n<li>Stowarzyszenia pracodawc\u00f3w.<\/li>\n<li>Eksperci i\/lub badacze w dziedzinie VET, WBL i\/lub zaanga\u017cowania pracodawc\u00f3w.<\/li>\n<\/ul>\n<p><\/p>","protected":false},"excerpt":{"rendered":"<p>Projekt jest realizowany w kontek\u015bcie szybkiego tempa rozwoju \u015bwiata, zmieniaj\u0105cego si\u0119 zapotrzebowania na umiej\u0119tno\u015bci i si\u0142\u0119 robocz\u0105, w po\u0142\u0105czeniu z rozwojem gospodarczym, demograficznym i technologicznym, kt\u00f3ry stawia przed systemami kszta\u0142cenia i szkolenia zawodowego powa\u017cne wyzwania, jak r\u00f3wnie\u017c stwarza mo\u017cliwo\u015bci innowacyjnego i integracyjnego reagowania. W ca\u0142ej Europie trwa kilka reform maj\u0105cych na celu wprowadzenie wi\u0119kszej liczby&hellip;&nbsp;<a href=\"https:\/\/www.jobs4all.erasmus.site\/pl\/about-the-project\/\" rel=\"bookmark\">Dowiedz si\u0119 wi\u0119cej &raquo;<span class=\"screen-reader-text\">O projekcie<\/span><\/a><\/p>\n","protected":false},"author":1,"featured_media":0,"parent":0,"menu_order":0,"comment_status":"closed","ping_status":"closed","template":"","meta":{"neve_meta_sidebar":"","neve_meta_container":"","neve_meta_enable_content_width":"off","neve_meta_content_width":100,"neve_meta_title_alignment":"","neve_meta_author_avatar":"","neve_post_elements_order":"","neve_meta_disable_header":"","neve_meta_disable_footer":"","neve_meta_disable_title":"","footnotes":""},"class_list":["post-74","page","type-page","status-publish","hentry"],"_links":{"self":[{"href":"https:\/\/www.jobs4all.erasmus.site\/pl\/wp-json\/wp\/v2\/pages\/74","targetHints":{"allow":["GET"]}}],"collection":[{"href":"https:\/\/www.jobs4all.erasmus.site\/pl\/wp-json\/wp\/v2\/pages"}],"about":[{"href":"https:\/\/www.jobs4all.erasmus.site\/pl\/wp-json\/wp\/v2\/types\/page"}],"author":[{"embeddable":true,"href":"https:\/\/www.jobs4all.erasmus.site\/pl\/wp-json\/wp\/v2\/users\/1"}],"replies":[{"embeddable":true,"href":"https:\/\/www.jobs4all.erasmus.site\/pl\/wp-json\/wp\/v2\/comments?post=74"}],"version-history":[{"count":10,"href":"https:\/\/www.jobs4all.erasmus.site\/pl\/wp-json\/wp\/v2\/pages\/74\/revisions"}],"predecessor-version":[{"id":383,"href":"https:\/\/www.jobs4all.erasmus.site\/pl\/wp-json\/wp\/v2\/pages\/74\/revisions\/383"}],"wp:attachment":[{"href":"https:\/\/www.jobs4all.erasmus.site\/pl\/wp-json\/wp\/v2\/media?parent=74"}],"curies":[{"name":"wp","href":"https:\/\/api.w.org\/{rel}","templated":true}]}}