{"id":3,"date":"2022-06-29T11:59:30","date_gmt":"2022-06-29T11:59:30","guid":{"rendered":"https:\/\/www.jobs4all.erasmus.site\/?page_id=3"},"modified":"2022-11-30T18:57:19","modified_gmt":"2022-11-30T18:57:19","slug":"privacy-policy","status":"publish","type":"page","link":"https:\/\/www.jobs4all.erasmus.site\/pl\/privacy-policy\/","title":{"rendered":"Polityka prywatno\u015bci"},"content":{"rendered":"<h3 class=\"wp-block-heading\">Kim jeste\u015bmy<\/h3>\r\n\r\n\r\n\r\n<p>Adres naszej strony internetowej to: <a href=\"https:\/\/www.jobs4all.erasmus.site\/\">https:\/\/www.jobs4all.erasmus.site\/<\/a><\/p>\r\n<p>This website is managed by: Center for Social Innovation Ltd., Rigenis 62, 1st floor, 1010, Nicosia, Cyprus<\/p>\r\n<p>The website is hosted by: Danmar-Computers LLC<\/p>\r\n<p>Adress\/website: <a href=\"https:\/\/www.jobs4all.erasmus.site\/\">https:\/\/www.jobs4all.erasmus.site\/<\/a><\/p>\r\n\r\n<p><strong>Jakie dane osobowe zbieramy i dlaczego je zbieramy<\/strong><\/p>\r\n<p>Staramy si\u0119 minimalizowa\u0107 ilo\u015b\u0107 zbieranych przez nas danych, a jedynie to, co jest niezb\u0119dne do dobrego funkcjonowania naszego projektu. Je\u015bli wype\u0142nisz formularz rejestracyjny, aby uzyska\u0107 dost\u0119p do naszego E-kursu, b\u0119dziemy zbiera\u0107 wi\u0119cej danych osobowych, kt\u00f3re s\u0105 wymagane, aby umo\u017cliwi\u0107 Ci udzia\u0142 w naszym projekcie.<\/p>\r\n<p><strong>Komu udost\u0119pniamy Twoje dane<\/strong><\/p>\r\n<p>Twoje dane nie b\u0119d\u0105 udost\u0119pniane osobom trzecim bez Twojej zgody.<\/p>\r\n<p><strong>Jak d\u0142ugo przechowujemy Twoje dane<\/strong><\/p>\r\n<p>Zebrane dane s\u0105 wykorzystywane wy\u0142\u0105cznie w celu realizacji tego projektu. Po zako\u0144czeniu projektu wszystkie dane, kt\u00f3re nie s\u0105 ju\u017c potrzebne, zostan\u0105 usuni\u0119te.<\/p>\r\n<p><strong>Jakie prawa przys\u0142uguj\u0105 Pa\u0144stwu w odniesieniu do Pa\u0144stwa danych<\/strong><\/p>\r\n<p>Mo\u017cesz za\u017c\u0105da\u0107, aby\u015bmy usun\u0119li wszelkie dane osobowe, kt\u00f3re posiadamy na Tw\u00f3j temat. Nie dotyczy to danych, kt\u00f3re jeste\u015bmy zobowi\u0105zani przechowywa\u0107 w celach administracyjnych, prawnych lub bezpiecze\u0144stwa.<\/p>\r\n\r\n\r\n\r\n\r\n\r\n\r\n\r\n\r\n\r\n\r\n\r\n<p>Contact information: <a href=\"mailto:info@csicy.com\">info@csicy.com<\/a><\/p>","protected":false},"excerpt":{"rendered":"<p>Kim jeste\u015bmy Adres naszej strony internetowej to: https:\/\/www.jobs4all.erasmus.site\/ This website is managed by: Center for Social Innovation Ltd., Rigenis 62, 1st floor, 1010, Nicosia, Cyprus The website is hosted by: Danmar-Computers LLC Adress\/website: https:\/\/www.jobs4all.erasmus.site\/ Jakie dane osobowe zbieramy i dlaczego je zbieramy Staramy si\u0119 minimalizowa\u0107 ilo\u015b\u0107 zbieranych przez nas danych, a jedynie to, co jest&hellip;&nbsp;<a href=\"https:\/\/www.jobs4all.erasmus.site\/pl\/privacy-policy\/\" rel=\"bookmark\">Dowiedz si\u0119 wi\u0119cej &raquo;<span class=\"screen-reader-text\">Polityka prywatno\u015bci<\/span><\/a><\/p>\n","protected":false},"author":1,"featured_media":0,"parent":0,"menu_order":0,"comment_status":"closed","ping_status":"open","template":"","meta":{"neve_meta_sidebar":"","neve_meta_container":"","neve_meta_enable_content_width":"off","neve_meta_content_width":100,"neve_meta_title_alignment":"","neve_meta_author_avatar":"","neve_post_elements_order":"","neve_meta_disable_header":"","neve_meta_disable_footer":"","neve_meta_disable_title":"","footnotes":""},"class_list":["post-3","page","type-page","status-publish","hentry"],"_links":{"self":[{"href":"https:\/\/www.jobs4all.erasmus.site\/pl\/wp-json\/wp\/v2\/pages\/3","targetHints":{"allow":["GET"]}}],"collection":[{"href":"https:\/\/www.jobs4all.erasmus.site\/pl\/wp-json\/wp\/v2\/pages"}],"about":[{"href":"https:\/\/www.jobs4all.erasmus.site\/pl\/wp-json\/wp\/v2\/types\/page"}],"author":[{"embeddable":true,"href":"https:\/\/www.jobs4all.erasmus.site\/pl\/wp-json\/wp\/v2\/users\/1"}],"replies":[{"embeddable":true,"href":"https:\/\/www.jobs4all.erasmus.site\/pl\/wp-json\/wp\/v2\/comments?post=3"}],"version-history":[{"count":7,"href":"https:\/\/www.jobs4all.erasmus.site\/pl\/wp-json\/wp\/v2\/pages\/3\/revisions"}],"predecessor-version":[{"id":275,"href":"https:\/\/www.jobs4all.erasmus.site\/pl\/wp-json\/wp\/v2\/pages\/3\/revisions\/275"}],"wp:attachment":[{"href":"https:\/\/www.jobs4all.erasmus.site\/pl\/wp-json\/wp\/v2\/media?parent=3"}],"curies":[{"name":"wp","href":"https:\/\/api.w.org\/{rel}","templated":true}]}}