{"id":126,"date":"2022-06-30T11:29:25","date_gmt":"2022-06-30T11:29:25","guid":{"rendered":"https:\/\/www.jobs4all.erasmus.site\/?page_id=126"},"modified":"2024-02-15T12:36:23","modified_gmt":"2024-02-15T12:36:23","slug":"project-partners","status":"publish","type":"page","link":"https:\/\/www.jobs4all.erasmus.site\/pl\/project-partners\/","title":{"rendered":"Partnerzy"},"content":{"rendered":"<p><\/p>\n<h3 style=\"text-align: center;\"><img fetchpriority=\"high\" decoding=\"async\" class=\"size-full wp-image-85 aligncenter\" src=\"https:\/\/www.jobs4all.erasmus.site\/wp-content\/uploads\/2022\/06\/ib.png\" alt=\"\" width=\"300\" height=\"300\" srcset=\"https:\/\/www.jobs4all.erasmus.site\/wp-content\/uploads\/2022\/06\/ib.png 300w, https:\/\/www.jobs4all.erasmus.site\/wp-content\/uploads\/2022\/06\/ib-150x150.png 150w\" sizes=\"(max-width: 300px) 100vw, 300px\" \/><br \/>\nInternationaler Bund- IB &#8211; Niemcy- Koordynator projektu<\/h3>\n<p>Internationaler Bund (IB) Mitte gGmbH jest cz\u0119\u015bci\u0105 IB Group, niezale\u017cnej organizacji pozarz\u0105dowej i jednego z najwi\u0119kszych us\u0142ugodawc\u00f3w w dziedzinie pracy z m\u0142odzie\u017c\u0105 i spo\u0142ecznej, edukacji i us\u0142ug rynku pracy w Europie. IB za\u0142o\u017cy\u0142a ponad 700 plac\u00f3wek i oddzia\u0142\u00f3w w 300 lokalizacjach na ca\u0142ym \u015bwiecie, pomagaj\u0105c 350 000 dzieci, m\u0142odzie\u017cy, doros\u0142ych i senior\u00f3w ka\u017cdego roku w planowaniu kariery i osobistym oraz oferuj\u0105c szeroki zakres us\u0142ug. Jej cele to mi\u0119dzy innymi pomoc ludziom w swobodnym rozwoju, kszta\u0142towaniu w\u0142asnego \u017cycia, integracji ze spo\u0142ecze\u0144stwem, podejmowaniu osobistej odpowiedzialno\u015bci, aktywna pomoc w kszta\u0142towaniu rozwoju spo\u0142ecze\u0144stwa oraz promowanie mi\u0119dzynarodowego zrozumienia i wsp\u00f3\u0142pracy. IB dzia\u0142a w oparciu o europejsk\u0105 polityk\u0119 spo\u0142eczn\u0105 i edukacyjn\u0105 oraz oferuje swoj\u0105 wiedz\u0119 i us\u0142ugi na ca\u0142ym \u015bwiecie.<\/p>\n<p>Ich wizja to &#8222;Wzmacnianie bycia cz\u0142owiekiem&#8221;<\/p>\n<p>&nbsp;<\/p>\n<p><a href=\"https:\/\/internationaler-bund.org\/\">www.internationaler-bund.org<\/a><\/p>\n<p><a href=\"http:\/\/www.ib.de\/\">www.ib.de<\/a><\/p>\n<p><a href=\"http:\/\/www.ib-mitte.de\/\">www.ib-mitte.de<\/a><\/p>\n<hr \/>\n<h3 style=\"text-align: center;\"><img decoding=\"async\" class=\"alignnone wp-image-90 size-full\" src=\"https:\/\/www.jobs4all.erasmus.site\/wp-content\/uploads\/2022\/06\/rurar.png\" alt=\"\" width=\"300\" height=\"300\" srcset=\"https:\/\/www.jobs4all.erasmus.site\/wp-content\/uploads\/2022\/06\/rurar.png 300w, https:\/\/www.jobs4all.erasmus.site\/wp-content\/uploads\/2022\/06\/rurar-150x150.png 150w\" sizes=\"(max-width: 300px) 100vw, 300px\" \/><br \/>\nTHE RURAL HUB &#8211; Irlandia<\/h3>\n<p>Za\u0142o\u017cony w 2012 roku, The Rural Hub zapewnia szeroki zakres szkole\u0144 i program\u00f3w rozwoju zdolno\u015bci dla mieszka\u0144c\u00f3w, edukator\u00f3w pierwszej linii, trener\u00f3w i grup spo\u0142eczno\u015bciowych. Specjalizujemy si\u0119 w rozwoju spo\u0142eczno\u015bci, w\u0142\u0105czeniu spo\u0142ecznym i innowacjach edukacyjnych i opracowali\u015bmy kilka lokalnych inicjatyw wspieraj\u0105cych w\u0142\u0105czenie spo\u0142eczne m\u0142odzie\u017cy wiejskiej znajduj\u0105cej si\u0119 w niekorzystnej sytuacji, spo\u0142eczno\u015bci migrant\u00f3w i odizolowanych starszych mieszka\u0144c\u00f3w. Pracujemy z naszymi grupami docelowymi, wykorzystuj\u0105c kreatywne podej\u015bcie i zasoby medi\u00f3w cyfrowych, aby wspiera\u0107 wi\u0119ksz\u0105 sp\u00f3jno\u015b\u0107 spo\u0142eczn\u0105 w\u015br\u00f3d spo\u0142eczno\u015bci lokalnych w naszym regionie. Mamy rozwini\u0119t\u0105 sie\u0107 interesariuszy z ca\u0142ego hrabstwa, kt\u00f3rzy wspieraj\u0105 nasz\u0105 prac\u0119 na zasadzie tematycznej. Poprzez nasze biuro, dostarczamy nieformalne programy edukacyjne dla doros\u0142ych, szk\u00f3\u0142 i m\u0142odzie\u017cy, a tak\u017ce zapewniamy poranki spo\u0142eczne i popo\u0142udnia edukacyjne, aby promowa\u0107 dost\u0119p do uczenia si\u0119 przez ca\u0142e \u017cycie.<\/p>\n<p><a href=\"http:\/\/www.theruralhub.ie\/\" target=\"_blank\" rel=\"noopener\">www.theruralhub.ie<\/a><\/p>\n<p>@RuralHubVirginia<\/p>\n<hr \/>\n<h3 style=\"text-align: center;\"><img decoding=\"async\" class=\"alignnone wp-image-138 size-full\" src=\"https:\/\/www.jobs4all.erasmus.site\/wp-content\/uploads\/2022\/07\/ihf.png\" alt=\"\" width=\"300\" height=\"300\" srcset=\"https:\/\/www.jobs4all.erasmus.site\/wp-content\/uploads\/2022\/07\/ihf.png 300w, https:\/\/www.jobs4all.erasmus.site\/wp-content\/uploads\/2022\/07\/ihf-150x150.png 150w\" sizes=\"(max-width: 300px) 100vw, 300px\" \/><br \/>\n<strong>IHF \u2013 Institut de Haute Formation aux Politiques Communautaires &#8211; Belgia<br \/>\n<\/strong><\/h3>\n<p>IHF asbl jest organizacj\u0105 non-profit za\u0142o\u017con\u0105 w Brukseli (Belgia) w 2003 roku.<\/p>\n<p>G\u0142\u00f3wnym celem IHF jest zapewnienie spo\u0142ecze\u0144stwu (w tym organizacjom non-profit i w\u0142adzom lokalnym) pomocy w rozwijaniu szerszej wsp\u00f3\u0142pracy mi\u0119dzynarodowej poprzez prowadzenie specjalistycznych szkole\u0144 na temat polityki europejskiej oraz rozpowszechnianie warto\u015bci europejskich.<\/p>\n<p>Jednym ze \u015brodk\u00f3w do osi\u0105gni\u0119cia tego celu jest organizacja wysoce specjalistycznych kurs\u00f3w i seminari\u00f3w ukierunkowanych na rozw\u00f3j projekt\u00f3w europejskich. Kursy te koncentruj\u0105 si\u0119 na polityce i prawodawstwie UE, stosunkach mi\u0119dzynarodowych i zarz\u0105dzaniu projektami, promuj\u0105c mo\u017cliwo\u015b\u0107 uczestnictwa w programach finansowanych przez UE.<\/p>\n<p>IHF organizuje r\u00f3wnie\u017c wyjazdy studyjne do Brukseli dla m\u0142odych absolwent\u00f3w, przedstawicieli w\u0142adz lokalnych, M\u015aP, uniwersytet\u00f3w, promuj\u0105c w ten spos\u00f3b dzia\u0142ania zwi\u0105zane z mobilno\u015bci\u0105 na r\u00f3\u017cnych poziomach szkolenia. Od 2004 roku IHF zorganizowa\u0142a ponad 40 wizyt studyjnych w Brukseli dla ponad 500 os\u00f3b.<\/p>\n<p>IHF zapewnia dalsz\u0105 pomoc poprzez sta\u0142e monitorowanie prawodawstwa UE i dzia\u0142a\u0144 instytucji europejskich, a w konsekwencji rozpowszechnianie zwi\u0105zanych z tym informacji, pomoc w poszukiwaniu partner\u00f3w i budowaniu sieci. Dzi\u0119ki obecno\u015bci w Brukseli IHF asbl rozwin\u0119\u0142a odpowiednie do\u015bwiadczenie w organizacji dzia\u0142a\u0144 zwi\u0105zanych z upowszechnianiem i waloryzacj\u0105 na poziomie UE, poprzez kontakty z europos\u0142ami, innymi europejskimi stowarzyszeniami i instytucjami, interesariuszami, grupami konsument\u00f3w itp.<\/p>\n<p><a href=\"https:\/\/www.ihfeurope.eu\/\">https:\/\/www.ihfeurope.eu\/<\/a><\/p>\n<p><a href=\"https:\/\/www.facebook.com\/ihfeurope\">https:\/\/www.facebook.com\/ihfeurope<\/a><\/p>\n<p><a href=\"https:\/\/www.linkedin.com\/in\/ihf-asbl\/\">https:\/\/www.linkedin.com\/in\/ihf-asbl\/<\/a><\/p>\n<p><a href=\"https:\/\/www.instagram.com\/ihfeurope\/\">https:\/\/www.instagram.com\/ihfeurope\/<\/a><\/p>\n<hr \/>\n<h3 style=\"text-align: center;\"><img loading=\"lazy\" decoding=\"async\" class=\"alignnone wp-image-139 size-full\" src=\"https:\/\/www.jobs4all.erasmus.site\/wp-content\/uploads\/2022\/07\/mindshift.png\" alt=\"\" width=\"300\" height=\"300\" srcset=\"https:\/\/www.jobs4all.erasmus.site\/wp-content\/uploads\/2022\/07\/mindshift.png 300w, https:\/\/www.jobs4all.erasmus.site\/wp-content\/uploads\/2022\/07\/mindshift-150x150.png 150w\" sizes=\"(max-width: 300px) 100vw, 300px\" \/><br \/>\n<strong>Mindshift Talent Advisory &#8211; Portugalia<br \/>\n<\/strong><\/h3>\n<p>Mindshift jest firm\u0105 konsultingow\u0105 specjalizuj\u0105c\u0105 si\u0119 w Human Resources, kt\u00f3ra inwestuje w wydajno\u015b\u0107 i podnoszenie kompetencji ludzi, d\u0105\u017c\u0105c do zwi\u0119kszenia dojrza\u0142o\u015bci cyfrowej i interpersonalnej w organizacjach i spo\u0142ecze\u0144stwie.<\/p>\n<p>Na poziomie krajowym MINDSHIFT ma jako jednego ze swoich g\u0142\u00f3wnych partner\u00f3w The Key Talent Portugal, HR Tech Consulting specjalizuj\u0105cy si\u0119 w Social Attraction i Talent Assessment, kt\u00f3ry rozwija platformy, takie jak Panorama i AplyGo, kt\u00f3re pozwalaj\u0105 na optymalizacj\u0119, wdro\u017cenie i zarz\u0105dzanie cyfrowymi, zwinnymi i atrakcyjnymi procesami HR opartymi na analizie danych.<\/p>\n<p>Na poziomie europejskim jeste\u015bmy partnerem strategicznym w rozwoju projekt\u00f3w wsp\u00f3\u0142pracy ponadnarodowej, kt\u00f3rych celem jest tworzenie innowacyjnych rozwi\u0105za\u0144 w obszarze szkolenia m\u0142odzie\u017cy i doros\u0142ych, w sze\u015bciu kluczowych obszarach: upskilling &amp; reskilling, inclusion &amp; employability, sustainable development, women empowerment, entrepreneurship &amp; creativity, and digital talent.<\/p>\n<p>Mindshift jest silnie zaanga\u017cowany w zasady odpowiedzialno\u015bci spo\u0142ecznej i Agendy 2030 na rzecz zr\u00f3wnowa\u017conego rozwoju, skupiaj\u0105c zesp\u00f3\u0142 pracownik\u00f3w o r\u00f3\u017cnym pochodzeniu i do\u015bwiadczeniu zawodowym.<\/p>\n<p><a href=\"http:\/\/www.mindshift.pt\/\">www.mindshift.pt<\/a><\/p>\n<p><a href=\"http:\/\/www.facebook.com\/mindshift.talent.advisory\">www.facebook.com\/mindshift.talent.advisory<\/a><\/p>\n<p><a href=\"http:\/\/www.linkedin.com\/company\/mindshift-talentadvisory\">www.linkedin.com\/company\/mindshift-talentadvisory<\/a><\/p>\n<hr \/>\n<h3 style=\"text-align: center;\"><img loading=\"lazy\" decoding=\"async\" class=\"alignnone wp-image-141 size-full\" src=\"https:\/\/www.jobs4all.erasmus.site\/wp-content\/uploads\/2022\/07\/iasis.png\" alt=\"\" width=\"300\" height=\"300\" srcset=\"https:\/\/www.jobs4all.erasmus.site\/wp-content\/uploads\/2022\/07\/iasis.png 300w, https:\/\/www.jobs4all.erasmus.site\/wp-content\/uploads\/2022\/07\/iasis-150x150.png 150w\" sizes=\"(max-width: 300px) 100vw, 300px\" \/><br \/>\n<strong>IASIS &#8211; Grecja<br \/>\n<\/strong><\/h3>\n<p>IASIS jest pozarz\u0105dow\u0105 organizacj\u0105 non-profit dzia\u0142aj\u0105c\u0105 w dziedzinie integracji spo\u0142ecznej, zdrowia psychicznego i deinstytucjonalizacji, kt\u00f3ra aktywnie uczestniczy w reformie psychiatrycznej promowanej przez Ministerstwo Zdrowia i Solidarno\u015bci Spo\u0142ecznej oraz Uni\u0119 Europejsk\u0105. IASIS posiada oficjaln\u0105 rejestracj\u0119 jako Prywatna Organizacja Non-Profit oraz Specjaln\u0105 Rejestracj\u0119 w Listach Dobrowolnych Organizacji Pozarz\u0105dowych obs\u0142ugiwanych przez Generaln\u0105 Dyrekcj\u0119 Opieki Spo\u0142ecznej. Organizacja posiada r\u00f3wnie\u017c System Kompetencji Zarz\u0105dzania certyfikowany przez S\u0142u\u017cb\u0119 Specjaln\u0105 \/ Departament Zdrowia i Solidarno\u015bci Spo\u0142ecznej. G\u0142\u00f3wnym celem organizacji jest zapewnienie psychospo\u0142ecznego wsparcia i edukacji osobom, kt\u00f3re nale\u017c\u0105 do grupy wykluczonych lub s\u0105 zagro\u017cone wykluczeniem, a tak\u017ce doros\u0142ym ucz\u0105cym si\u0119 w dziedzinie humanitarnej.<\/p>\n<p><a href=\"http:\/\/www.iasismed.eu\">www.iasismed.eu<\/a><\/p>\n<hr \/>\n<h3 style=\"text-align: center;\"><img loading=\"lazy\" decoding=\"async\" class=\"alignnone wp-image-142 size-full\" src=\"https:\/\/www.jobs4all.erasmus.site\/wp-content\/uploads\/2022\/07\/csi.png\" alt=\"\" width=\"300\" height=\"300\" srcset=\"https:\/\/www.jobs4all.erasmus.site\/wp-content\/uploads\/2022\/07\/csi.png 300w, https:\/\/www.jobs4all.erasmus.site\/wp-content\/uploads\/2022\/07\/csi-150x150.png 150w\" sizes=\"(max-width: 300px) 100vw, 300px\" \/><\/h3>\n<h3 style=\"text-align: center;\"><strong>Center for Social Innovation (CSI) &#8211; Cypr<br \/>\n<\/strong><\/h3>\n<p>Center for Social Innovation (CSI) jest organizacj\u0105 badawczo-rozwojow\u0105, kt\u00f3ra skupia si\u0119 na wspieraniu innowacji spo\u0142ecznych, kt\u00f3re mog\u0105 przynie\u015b\u0107 pozytywn\u0105 zmian\u0119 podmiotom lokalnym, krajowym, regionalnym i globalnym. Podmioty te obejmuj\u0105, ale nie ograniczaj\u0105 si\u0119 do rz\u0105d\u00f3w, lokalnych agencji administracyjnych, agencji non-for-profit, podmiot\u00f3w komercyjnych i instytucji edukacyjnych. Zesp\u00f3\u0142 CSI sk\u0142ada si\u0119 z otwartych umys\u0142\u00f3w, w pe\u0142ni wyposa\u017conych badaczy, przedsi\u0119biorc\u00f3w, kierownik\u00f3w projekt\u00f3w, trener\u00f3w i specjalist\u00f3w w dziedzinie technologii informacyjnych. CSI posiada zdolno\u015b\u0107 i mo\u017cliwo\u015bci identyfikacji potrzeb spo\u0142ecznych, projektowania i wdra\u017cania dostosowanych inicjatyw oraz zapewnienia zr\u00f3wnowa\u017conego wzrostu. Obszary specjalizacji zespo\u0142u CSI to: edukacja tradycyjna i e-learning, przedsi\u0119biorczo\u015b\u0107, start-upy, innowacje, kreatywno\u015b\u0107, negocjacje, doradztwo w zakresie IP, odpowiedzialno\u015b\u0107 spo\u0142eczna, rozwi\u0105zania w zakresie doradztwa biznesowego, analityka danych, technologie informacyjne, zarz\u0105dzanie projektami, us\u0142ugi oceny projekt\u00f3w, walidacja produkt\u00f3w, szkolenia i gry komputerowe. CSI czerpie know-how i umiej\u0119tno\u015bci ze swojej szerokiej globalnej sieci, kt\u00f3ra obejmuje instytucje akademickie, firmy IT, s\u0142u\u017cby publiczne, organizacje mi\u0119dzynarodowe, start-upy.<\/p>\n<p><a href=\"http:\/\/www.iasismed.eu\">www.iasismed.eu<\/a><\/p>\n<hr \/>\n<h3 style=\"text-align: center;\"><img loading=\"lazy\" decoding=\"async\" class=\"alignnone wp-image-144 size-full\" src=\"https:\/\/www.jobs4all.erasmus.site\/wp-content\/uploads\/2022\/07\/danmar.png\" alt=\"\" width=\"300\" height=\"300\" srcset=\"https:\/\/www.jobs4all.erasmus.site\/wp-content\/uploads\/2022\/07\/danmar.png 300w, https:\/\/www.jobs4all.erasmus.site\/wp-content\/uploads\/2022\/07\/danmar-150x150.png 150w\" sizes=\"(max-width: 300px) 100vw, 300px\" \/><\/h3>\n<h3 style=\"text-align: center;\"><strong>DANMAR COMPUTERS &#8211; Polska<br \/>\n<\/strong><\/h3>\n<p>Danmar Computers LLC jest prywatn\u0105 firm\u0105 dzia\u0142aj\u0105c\u0105 w dziedzinie technologii informacyjnej i prowadz\u0105c\u0105 szkolenia zawodowe w tym zakresie. Danmar posiada bogate do\u015bwiadczenie w tworzeniu nowoczesnych aplikacji internetowych i mobilnych, kt\u00f3re s\u0105 wykorzystywane do cel\u00f3w edukacyjnych. Danmar posiada r\u00f3wnie\u017c wieloletnie do\u015bwiadczenie w realizacji projekt\u00f3w europejskich, w ramach kt\u00f3rych pracownicy dzia\u0142u R&amp;D firmy prowadz\u0105 badania i przygotowuj\u0105 szkolenia dostosowane do potrzeb r\u00f3\u017cnych s\u0142uchaczy. W ci\u0105gu 22 lat Danmar z powodzeniem zrealizowa\u0142 ponad 100 projekt\u00f3w w ramach program\u00f3w Grundtvig, Leonardo da Vinci, Progress oraz Erasmus+. W wielu z tych projekt\u00f3w Danmar by\u0142 odpowiedzialny za projektowanie i koordynacj\u0119 strategii upowszechniania.<\/p>\n<p>Danmar Computers jest tw\u00f3rc\u0105 i dostawc\u0105 AdminProject, systemu online do zarz\u0105dzania projektami europejskimi. Wszystkie dzia\u0142ania firmy oparte s\u0105 na szerokiej i dobrze rozwini\u0119tej sieci wsp\u00f3\u0142pracy, zar\u00f3wno na poziomie krajowym jak i mi\u0119dzynarodowym. Sieci krajowe obejmuj\u0105 instytucje szkoleniowe i doradcze, uniwersytety, szko\u0142y, organizacje pozarz\u0105dowe, jak r\u00f3wnie\u017c firmy z sektora prywatnego. Sieci mi\u0119dzynarodowe obejmuj\u0105 partner\u00f3w o r\u00f3\u017cnym profilu, pochodz\u0105cych z ka\u017cdego kraju Unii Europejskiej. Misj\u0105 Danmar Computer jest promowanie edukacji przez ca\u0142e \u017cycie oraz zapewnienie r\u00f3wnego dost\u0119pu do edukacji dla wszystkich z wykorzystaniem nowoczesnych technologii.<\/p>\n<p><a href=\"https:\/\/danmar-computers.com.pl\/\">https:\/\/danmar-computers.com.pl<\/a><\/p>\n<p><strong>\u00a0<\/strong><\/p>\n<p><a href=\"https:\/\/www.facebook.com\/pages\/Danmar-Computers\/144597388897753\">https:\/\/www.facebook.com\/pages\/Danmar-Computers\/144597388897753<\/a><\/p>\n<p><a href=\"https:\/\/www.linkedin.com\/company\/danmar-computers\">https:\/\/www.linkedin.com\/company\/danmar-computers<\/a><\/p>\n<p><a href=\"https:\/\/twitter.com\/DanmarComputers\">https:\/\/twitter.com\/DanmarComputers<\/a><\/p>\n<hr \/>\n<h3 style=\"text-align: center;\"><img loading=\"lazy\" decoding=\"async\" class=\"alignnone wp-image-146 size-full\" src=\"https:\/\/www.jobs4all.erasmus.site\/wp-content\/uploads\/2022\/07\/fondo.png\" alt=\"\" width=\"300\" height=\"300\" srcset=\"https:\/\/www.jobs4all.erasmus.site\/wp-content\/uploads\/2022\/07\/fondo.png 300w, https:\/\/www.jobs4all.erasmus.site\/wp-content\/uploads\/2022\/07\/fondo-150x150.png 150w\" sizes=\"(max-width: 300px) 100vw, 300px\" \/><\/h3>\n<h3 style=\"text-align: center;\"><strong>FONDO FORMACION EUSKADI SLL &#8211; Hiszpania<br \/>\n<\/strong><\/h3>\n<p>Fondo Formaci\u00f3n Euskadi to organizacja kapita\u0142u ludzkiego, kt\u00f3rej celem jest poprawa wynik\u00f3w zawodowych i biznesowych poprzez podnoszenie kwalifikacji i rozw\u00f3j ludzi.<\/p>\n<p>Z ponad 30-letnim do\u015bwiadczeniem w sektorze Szkolenia i Kwalifikacji Ludzi, nasi klienci ufaj\u0105 Fondo Formaci\u00f3n Euskadi, poniewa\u017c oferujemy Zaawansowane Kompleksowe Us\u0142ugi Szkoleniowe o wysokim poziomie Jako\u015bci i Innowacyjno\u015bci.<\/p>\n<p>Nasza organizacja sk\u0142ada si\u0119 z oko\u0142o 50 profesjonalist\u00f3w zorientowanych na Zarz\u0105dzanie Szkoleniami. Wsp\u00f3\u0142pracuje z nami r\u00f3wnie\u017c zesp\u00f3\u0142 dydaktyczny sk\u0142adaj\u0105cy si\u0119 z ponad 100 trener\u00f3w akredytowanych w zakresie metodyki nauczania z du\u017cym do\u015bwiadczeniem i specjalizacj\u0105 w swoim obszarze kompetencji.<\/p>\n<p>Posiadamy obiekty na trzech terytoriach Baskijskiej Wsp\u00f3lnoty Autonomicznej o powierzchni ponad 3000 metr\u00f3w kwadratowych wyposa\u017conych sal lekcyjnych i warsztat\u00f3w.<\/p>\n<p><a href=\"https:\/\/www.ffeuskadi.net\">www.ffeuskadi.net<\/a><\/p>","protected":false},"excerpt":{"rendered":"<p>Internationaler Bund- IB &#8211; Niemcy- Koordynator projektu Internationaler Bund (IB) Mitte gGmbH jest cz\u0119\u015bci\u0105 IB Group, niezale\u017cnej organizacji pozarz\u0105dowej i jednego z najwi\u0119kszych us\u0142ugodawc\u00f3w w dziedzinie pracy z m\u0142odzie\u017c\u0105 i spo\u0142ecznej, edukacji i us\u0142ug rynku pracy w Europie. IB za\u0142o\u017cy\u0142a ponad 700 plac\u00f3wek i oddzia\u0142\u00f3w w 300 lokalizacjach na ca\u0142ym \u015bwiecie, pomagaj\u0105c 350 000 dzieci,&hellip;&nbsp;<a href=\"https:\/\/www.jobs4all.erasmus.site\/pl\/project-partners\/\" rel=\"bookmark\">Dowiedz si\u0119 wi\u0119cej &raquo;<span class=\"screen-reader-text\">Partnerzy<\/span><\/a><\/p>\n","protected":false},"author":1,"featured_media":0,"parent":0,"menu_order":0,"comment_status":"closed","ping_status":"closed","template":"","meta":{"neve_meta_sidebar":"","neve_meta_container":"","neve_meta_enable_content_width":"off","neve_meta_content_width":100,"neve_meta_title_alignment":"","neve_meta_author_avatar":"","neve_post_elements_order":"","neve_meta_disable_header":"","neve_meta_disable_footer":"","neve_meta_disable_title":"","footnotes":""},"class_list":["post-126","page","type-page","status-publish","hentry"],"_links":{"self":[{"href":"https:\/\/www.jobs4all.erasmus.site\/pl\/wp-json\/wp\/v2\/pages\/126","targetHints":{"allow":["GET"]}}],"collection":[{"href":"https:\/\/www.jobs4all.erasmus.site\/pl\/wp-json\/wp\/v2\/pages"}],"about":[{"href":"https:\/\/www.jobs4all.erasmus.site\/pl\/wp-json\/wp\/v2\/types\/page"}],"author":[{"embeddable":true,"href":"https:\/\/www.jobs4all.erasmus.site\/pl\/wp-json\/wp\/v2\/users\/1"}],"replies":[{"embeddable":true,"href":"https:\/\/www.jobs4all.erasmus.site\/pl\/wp-json\/wp\/v2\/comments?post=126"}],"version-history":[{"count":19,"href":"https:\/\/www.jobs4all.erasmus.site\/pl\/wp-json\/wp\/v2\/pages\/126\/revisions"}],"predecessor-version":[{"id":428,"href":"https:\/\/www.jobs4all.erasmus.site\/pl\/wp-json\/wp\/v2\/pages\/126\/revisions\/428"}],"wp:attachment":[{"href":"https:\/\/www.jobs4all.erasmus.site\/pl\/wp-json\/wp\/v2\/media?parent=126"}],"curies":[{"name":"wp","href":"https:\/\/api.w.org\/{rel}","templated":true}]}}