{"id":126,"date":"2022-06-30T11:29:25","date_gmt":"2022-06-30T11:29:25","guid":{"rendered":"https:\/\/www.jobs4all.erasmus.site\/?page_id=126"},"modified":"2024-02-15T12:36:23","modified_gmt":"2024-02-15T12:36:23","slug":"project-partners","status":"publish","type":"page","link":"https:\/\/www.jobs4all.erasmus.site\/es\/project-partners\/","title":{"rendered":"Partenariado"},"content":{"rendered":"<p><\/p>\n<h3 style=\"text-align: center;\"><img fetchpriority=\"high\" decoding=\"async\" class=\"size-full wp-image-85 aligncenter\" src=\"https:\/\/www.jobs4all.erasmus.site\/wp-content\/uploads\/2022\/06\/ib.png\" alt=\"\" width=\"300\" height=\"300\" srcset=\"https:\/\/www.jobs4all.erasmus.site\/wp-content\/uploads\/2022\/06\/ib.png 300w, https:\/\/www.jobs4all.erasmus.site\/wp-content\/uploads\/2022\/06\/ib-150x150.png 150w\" sizes=\"(max-width: 300px) 100vw, 300px\" \/><br \/>\nInternationaler Bund- IB &#8211; Germany &#8211; Coordinador del Proyecto<\/h3>\n<p>Internationaler Bund (IB) Mitte gGmbH forma parte del Grupo IB, una organizaci\u00f3n no gubernamental independiente y uno de los mayores proveedores de servicios en los \u00e1mbitos de la juventud y el trabajo social, la educaci\u00f3n y los servicios del mercado laboral en Europa. IB ha establecido m\u00e1s de 700 instalaciones y sucursales en 300 lugares de todo el mundo, ayudando cada a\u00f1o a 350.000 ni\u00f1os, adolescentes, adultos y personas mayores en su planificaci\u00f3n profesional y personal y ofreciendo una amplia gama de servicios. Sus objetivos son, entre otros, ayudar a las personas a desarrollarse en libertad, a forjar su propia vida, a integrarse en la sociedad, a asumir responsabilidades personales, a contribuir activamente a configurar el desarrollo de la sociedad y a promover el entendimiento y la cooperaci\u00f3n internacionales. El IB opera sobre la base de la pol\u00edtica social y educativa europea y ofrece sus conocimientos y servicios en todo el mundo.<\/p>\n<p>Su visi\u00f3n es \u00abFortalecer el ser humano\u00bb.<\/p>\n<p><a href=\"https:\/\/internationaler-bund.org\/\">www.internationaler-bund.org<\/a><\/p>\n<p><a href=\"http:\/\/www.ib.de\/\">www.ib.de<\/a><\/p>\n<p><a href=\"http:\/\/www.ib-mitte.de\/\">www.ib-mitte.de<\/a><\/p>\n<hr \/>\n<h3 style=\"text-align: center;\"><img decoding=\"async\" class=\"alignnone wp-image-90 size-full\" src=\"https:\/\/www.jobs4all.erasmus.site\/wp-content\/uploads\/2022\/06\/rurar.png\" alt=\"\" width=\"300\" height=\"300\" srcset=\"https:\/\/www.jobs4all.erasmus.site\/wp-content\/uploads\/2022\/06\/rurar.png 300w, https:\/\/www.jobs4all.erasmus.site\/wp-content\/uploads\/2022\/06\/rurar-150x150.png 150w\" sizes=\"(max-width: 300px) 100vw, 300px\" \/><br \/>\n<strong>THE RURAL HUB &#8211; Irlanda<\/strong><\/h3>\n<p>Fundada en 2012, The Rural Hub ofrece una amplia gama de programas de formaci\u00f3n y desarrollo de capacidades a residentes, educadores de primera l\u00ednea, formadores y grupos comunitarios. Estamos especializados en desarrollo comunitario, inclusi\u00f3n social e innovaci\u00f3n educativa y hemos desarrollado varias iniciativas locales para apoyar la inclusi\u00f3n social de j\u00f3venes rurales desfavorecidos, comunidades migrantes y residentes mayores aislados.\u00a0 Trabajamos con nuestros grupos destinatarios, utilizando enfoques creativos y recursos de medios digitales para apoyar una mayor cohesi\u00f3n social entre las comunidades locales de nuestra regi\u00f3n. Contamos con una red desarrollada de partes interesadas de todo el condado que apoyan nuestro trabajo por temas. A trav\u00e9s de nuestra oficina comunitaria, ofrecemos programas de educaci\u00f3n informal para adultos, escolares y j\u00f3venes, as\u00ed como programas de Ma\u00f1anas Sociales y Tardes Educativas para promover el acceso al aprendizaje permanente.<\/p>\n<p><a href=\"http:\/\/www.theruralhub.ie\/\" target=\"_blank\" rel=\"noopener\">www.theruralhub.ie<\/a><\/p>\n<p>@RuralHubVirginia<\/p>\n<hr \/>\n<h3 style=\"text-align: center;\"><img decoding=\"async\" class=\"alignnone wp-image-138 size-full\" src=\"https:\/\/www.jobs4all.erasmus.site\/wp-content\/uploads\/2022\/07\/ihf.png\" alt=\"\" width=\"300\" height=\"300\" srcset=\"https:\/\/www.jobs4all.erasmus.site\/wp-content\/uploads\/2022\/07\/ihf.png 300w, https:\/\/www.jobs4all.erasmus.site\/wp-content\/uploads\/2022\/07\/ihf-150x150.png 150w\" sizes=\"(max-width: 300px) 100vw, 300px\" \/><br \/>\n<strong>IHF &#8211; Institut de Haute Formation aux Politiques Communautaires &#8211; B\u00e9lgica<\/strong><\/h3>\n<p>IHF asbl es una organizaci\u00f3n sin \u00e1nimo de lucro creada en Bruselas (B\u00e9lgica) en 2003.<\/p>\n<p>El principal objetivo del IHF es proporcionar a la comunidad (incluidas las autoridades locales y sin \u00e1nimo de lucro) asistencia para el desarrollo de una cooperaci\u00f3n internacional m\u00e1s amplia a trav\u00e9s de actividades de formaci\u00f3n especializada sobre pol\u00edticas europeas y la difusi\u00f3n de los valores europeos.<\/p>\n<p>Uno de los medios para alcanzar este objetivo es la organizaci\u00f3n de cursos y seminarios altamente especializados centrados en el desarrollo de proyectos europeos. Los cursos se centran en las pol\u00edticas y la legislaci\u00f3n de la UE, las relaciones internacionales y la gesti\u00f3n de proyectos, promoviendo la posibilidad de participar en programas financiados por la UE.<\/p>\n<p>IHF organiza tambi\u00e9n grupos de estudio en Bruselas para j\u00f3venes licenciados, representantes de autoridades locales, PYME y universidades, promoviendo actividades de movilidad a diferentes niveles de formaci\u00f3n. Desde 2004, IHF ha organizado m\u00e1s de 40 visitas de estudio a Bruselas para m\u00e1s de 500 personas.<\/p>\n<p>IHF proporciona asistencia adicional a trav\u00e9s de un seguimiento continuo de la legislaci\u00f3n de la UE y de las actividades de las instituciones europeas, con la consiguiente difusi\u00f3n de informaci\u00f3n relacionada, asistencia en la b\u00fasqueda de socios y creaci\u00f3n de redes. Gracias a su presencia en Bruselas, IHF asbl ha desarrollado una experiencia relevante en la organizaci\u00f3n de actividades de Difusi\u00f3n y Valorizaci\u00f3n a nivel de la UE, a trav\u00e9s de contactos con eurodiputados, otras asociaciones e Instituciones europeas, partes interesadas, agrupaciones de consumidores, etc.<\/p>\n<p><a href=\"https:\/\/www.ihfeurope.eu\/\">https:\/\/www.ihfeurope.eu\/<\/a><\/p>\n<p><a href=\"https:\/\/www.facebook.com\/ihfeurope\">https:\/\/www.facebook.com\/ihfeurope<\/a><\/p>\n<p><a href=\"https:\/\/www.linkedin.com\/in\/ihf-asbl\/\">https:\/\/www.linkedin.com\/in\/ihf-asbl\/<\/a><\/p>\n<p><a href=\"https:\/\/www.instagram.com\/ihfeurope\/\">https:\/\/www.instagram.com\/ihfeurope\/<\/a><\/p>\n<hr \/>\n<h3 style=\"text-align: center;\"><img loading=\"lazy\" decoding=\"async\" class=\"alignnone wp-image-139 size-full\" src=\"https:\/\/www.jobs4all.erasmus.site\/wp-content\/uploads\/2022\/07\/mindshift.png\" alt=\"\" width=\"300\" height=\"300\" srcset=\"https:\/\/www.jobs4all.erasmus.site\/wp-content\/uploads\/2022\/07\/mindshift.png 300w, https:\/\/www.jobs4all.erasmus.site\/wp-content\/uploads\/2022\/07\/mindshift-150x150.png 150w\" sizes=\"(max-width: 300px) 100vw, 300px\" \/><br \/>\n<strong>Mindshift Talent Advisory &#8211; Portugal<br \/>\n<\/strong><\/h3>\n<p>Mindshift es una consultora especializada en Recursos Humanos que invierte en el desempe\u00f1o y upskilling de las competencias de las personas, buscando potenciar la madurez digital e interpersonal en las organizaciones y en la sociedad.<\/p>\n<p>A nivel nacional, MINDSHIFT tiene como uno de sus principales socios The Key Talent Portugal, una HR Tech Consulting especializada en Atracci\u00f3n Social y Evaluaci\u00f3n del Talento que desarrolla plataformas, como Panorama y AplyGo, que permiten optimizar, implementar y gestionar procesos de RRHH digitales, \u00e1giles y atractivos basados en el an\u00e1lisis de datos.<\/p>\n<p>A nivel europeo, somos un socio estrat\u00e9gico para el desarrollo de proyectos de cooperaci\u00f3n transnacional con el objetivo de crear soluciones innovadoras en el \u00e1mbito de la formaci\u00f3n de j\u00f3venes y adultos, en seis \u00e1reas clave: upskilling &amp; reskilling, inclusi\u00f3n &amp; empleabilidad, desarrollo sostenible, empoderamiento de la mujer, emprendimiento &amp; creatividad, y talento digital.<\/p>\n<p>Mindshift est\u00e1 firmemente comprometida con los principios de la Responsabilidad Social y la Agenda 2030 para el Desarrollo Sostenible, y re\u00fane a un equipo de personal con diversas formaciones y experiencia profesional.<\/p>\n<p><a href=\"http:\/\/www.mindshift.pt\/\">www.mindshift.pt<\/a><\/p>\n<p><a href=\"http:\/\/www.facebook.com\/mindshift.talent.advisory\">www.facebook.com\/mindshift.talent.advisory<\/a><\/p>\n<p><a href=\"http:\/\/www.linkedin.com\/company\/mindshift-talentadvisory\">www.linkedin.com\/company\/mindshift-talentadvisory<\/a><\/p>\n<hr \/>\n<h3 style=\"text-align: center;\"><img loading=\"lazy\" decoding=\"async\" class=\"alignnone wp-image-141 size-full\" src=\"https:\/\/www.jobs4all.erasmus.site\/wp-content\/uploads\/2022\/07\/iasis.png\" alt=\"\" width=\"300\" height=\"300\" srcset=\"https:\/\/www.jobs4all.erasmus.site\/wp-content\/uploads\/2022\/07\/iasis.png 300w, https:\/\/www.jobs4all.erasmus.site\/wp-content\/uploads\/2022\/07\/iasis-150x150.png 150w\" sizes=\"(max-width: 300px) 100vw, 300px\" \/><br \/>\n<strong>IASIS &#8211; Grecia<\/strong><\/h3>\n<p>La ONG IASIS es una organizaci\u00f3n no gubernamental sin \u00e1nimo de lucro activa en el campo de la Inclusi\u00f3n Social, la Salud Mental y la Desinstitucionalizaci\u00f3n, que participa activamente en la reforma psiqui\u00e1trica promovida por el Ministerio de Sanidad y Solidaridad Social y la Uni\u00f3n Europea. IASIS cuenta con un registro oficial como Organizaci\u00f3n Privada Sin \u00c1nimo de Lucro y un Registro Especial en las Listas de Organizaciones No Gubernamentales de Voluntariado gestionado por la Direcci\u00f3n General de Bienestar Social. La organizaci\u00f3n tambi\u00e9n cuenta con un Sistema de Competencia de Gesti\u00f3n certificado por el Servicio Especial \/ Departamento de Salud y Solidaridad Social. El objetivo principal de la organizaci\u00f3n es proporcionar apoyo psicosocial y educaci\u00f3n a las personas que pertenecen o est\u00e1n en riesgo de exclusi\u00f3n, y a los estudiantes adultos en el \u00e1mbito humanitario.<\/p>\n<p><a href=\"http:\/\/www.iasismed.eu\">www.iasismed.eu<\/a><\/p>\n<hr \/>\n<h3 style=\"text-align: center;\"><img loading=\"lazy\" decoding=\"async\" class=\"alignnone wp-image-142 size-full\" src=\"https:\/\/www.jobs4all.erasmus.site\/wp-content\/uploads\/2022\/07\/csi.png\" alt=\"\" width=\"300\" height=\"300\" srcset=\"https:\/\/www.jobs4all.erasmus.site\/wp-content\/uploads\/2022\/07\/csi.png 300w, https:\/\/www.jobs4all.erasmus.site\/wp-content\/uploads\/2022\/07\/csi-150x150.png 150w\" sizes=\"(max-width: 300px) 100vw, 300px\" \/><\/h3>\n<h3 style=\"text-align: center;\"><strong>Centro de Innovaci\u00f3n Social (CSI) &#8211; Chipre<\/strong><\/h3>\n<p>El Centro para la Innovaci\u00f3n Social (CSI) es una organizaci\u00f3n de Investigaci\u00f3n y Desarrollo, que se centra en fomentar la innovaci\u00f3n social que pueda aportar un cambio positivo a entidades locales, nacionales, regionales y mundiales. Estas entidades incluyen, entre otras, gobiernos, agencias administrativas locales, agencias sin \u00e1nimo de lucro, entidades comerciales e instituciones educativas. El equipo de CSI est\u00e1 formado por investigadores, empresarios, gestores de proyectos, formadores y especialistas en tecnolog\u00edas de la informaci\u00f3n de mentalidad abierta y perfectamente equipados. CSI abarca la capacidad de identificar necesidades sociales, dise\u00f1ar y poner en pr\u00e1ctica iniciativas ajustadas y proporcionar un crecimiento sostenible. Los \u00e1mbitos de especializaci\u00f3n del equipo de CSI son la educaci\u00f3n tradicional y el aprendizaje electr\u00f3nico, el esp\u00edritu empresarial, las empresas de nueva creaci\u00f3n, la innovaci\u00f3n, la creatividad, las negociaciones, los servicios de asesoramiento en materia de propiedad intelectual, la responsabilidad social, las soluciones de asesoramiento empresarial, el an\u00e1lisis de datos, las tecnolog\u00edas de la informaci\u00f3n, la gesti\u00f3n de proyectos, los servicios de evaluaci\u00f3n de proyectos, la validaci\u00f3n de productos, la formaci\u00f3n y los juegos de ordenador. CSI aprovecha los conocimientos y competencias de su amplia red mundial, que incluye instituciones acad\u00e9micas, empresas de TI, servicios p\u00fablicos, organizaciones internacionales, empresas de nueva creaci\u00f3n y servicios p\u00fablicos.<\/p>\n<p><a href=\"http:\/\/www.iasismed.eu\">www.iasismed.eu<\/a><\/p>\n<hr \/>\n<h3 style=\"text-align: center;\"><img loading=\"lazy\" decoding=\"async\" class=\"alignnone wp-image-144 size-full\" src=\"https:\/\/www.jobs4all.erasmus.site\/wp-content\/uploads\/2022\/07\/danmar.png\" alt=\"\" width=\"300\" height=\"300\" srcset=\"https:\/\/www.jobs4all.erasmus.site\/wp-content\/uploads\/2022\/07\/danmar.png 300w, https:\/\/www.jobs4all.erasmus.site\/wp-content\/uploads\/2022\/07\/danmar-150x150.png 150w\" sizes=\"(max-width: 300px) 100vw, 300px\" \/><\/h3>\n<h3 style=\"text-align: center;\"><strong>DANMAR COMPUTERS &#8211; Polonia<\/strong><\/h3>\n<p>Danmar Computers LLC es una empresa privada que opera en el \u00e1mbito de las tecnolog\u00edas de la informaci\u00f3n y ofrece formaci\u00f3n profesional en este campo. Danmar tiene una amplia experiencia en el desarrollo de modernas aplicaciones web y m\u00f3viles que se utilizan con fines educativos. Danmar tambi\u00e9n tiene una larga experiencia en la realizaci\u00f3n de proyectos europeos en los que el personal de I+D de la empresa lleva a cabo investigaciones y prepara formaci\u00f3n adaptada a las necesidades de diversos alumnos. Durante 22 a\u00f1os, Danmar ha ejecutado con \u00e9xito m\u00e1s de 100 proyectos dentro de Grundtvig, Leonardo da Vinci, Progress y Erasmus+. En muchos de estos proyectos, Danmar se encarg\u00f3 de dise\u00f1ar y coordinar estrategias de difusi\u00f3n.<\/p>\n<p>Danmar Computers es el desarrollador y proveedor de AdminProject, el sistema en l\u00ednea para la gesti\u00f3n de proyectos europeos. Todas las actividades de la empresa se basan en una amplia y bien establecida red de cooperaci\u00f3n, tanto a nivel nacional como internacional. Las redes nacionales incluyen instituciones de formaci\u00f3n y asesoramiento, universidades, escuelas, organizaciones no gubernamentales y empresas del sector privado. Las redes internacionales incluyen socios de diversos perfiles procedentes de todos los pa\u00edses de la Uni\u00f3n Europea. La misi\u00f3n de Danmar Computer es promover la educaci\u00f3n permanente y garantizar la igualdad de acceso a la educaci\u00f3n para todos mediante el uso de la tecnolog\u00eda moderna.<\/p>\n<p><a href=\"https:\/\/danmar-computers.com.pl\/\">https:\/\/danmar-computers.com.pl<\/a><\/p>\n<p><a href=\"https:\/\/www.facebook.com\/pages\/Danmar-Computers\/144597388897753\">https:\/\/www.facebook.com\/pages\/Danmar-Computers\/144597388897753<\/a><\/p>\n<p><a href=\"https:\/\/www.linkedin.com\/company\/danmar-computers\">https:\/\/www.linkedin.com\/company\/danmar-computers<\/a><\/p>\n<p><a href=\"https:\/\/twitter.com\/DanmarComputers\">https:\/\/twitter.com\/DanmarComputers<\/a><\/p>\n<hr \/>\n<h3 style=\"text-align: center;\"><img loading=\"lazy\" decoding=\"async\" class=\"alignnone wp-image-146 size-full\" src=\"https:\/\/www.jobs4all.erasmus.site\/wp-content\/uploads\/2022\/07\/fondo.png\" alt=\"\" width=\"300\" height=\"300\" srcset=\"https:\/\/www.jobs4all.erasmus.site\/wp-content\/uploads\/2022\/07\/fondo.png 300w, https:\/\/www.jobs4all.erasmus.site\/wp-content\/uploads\/2022\/07\/fondo-150x150.png 150w\" sizes=\"(max-width: 300px) 100vw, 300px\" \/><\/h3>\n<h3 style=\"text-align: center;\"><strong>FONDO FORMACION EUSKADI SLL &#8211; Spain<\/strong><\/h3>\n<p>Fondo Formaci\u00f3n Euskadi es una organizaci\u00f3n de capital humano que tiene por objeto la mejora del rendimiento profesional y empresarial, desde la cualificaci\u00f3n y el desarrollo de las personas.<\/p>\n<p>Con m\u00e1s de 30 a\u00f1os de experiencia en el sector de la Formaci\u00f3n y de la Cualificaci\u00f3n de Personas, nuestros clientes conf\u00edan en Fondo Formaci\u00f3n Euskadi porque ofrecemos Servicios Avanzados de Formaci\u00f3n Integrales con un alto nivel de Calidad e Innovaci\u00f3n.<\/p>\n<p>Nuestra organizaci\u00f3n est\u00e1 compuesta por cerca de 50 profesionales orientados a la Gesti\u00f3n de la Formaci\u00f3n. Asimismo contamos con la colaboraci\u00f3n de un equipo docente de m\u00e1s de 100 formadores acreditados en metodolog\u00edas de aprendizaje con amplia experiencia y especializaci\u00f3n en su \u00e1rea de competencia.<\/p>\n<p>Disponemos de instalaciones en los tres territorios de la CAPV con m\u00e1s de 3.000 metros cuadrados de aulas equipadas y talleres.<\/p>\n<p><a href=\"https:\/\/www.ffeuskadi.net\">www.ffeuskadi.net<\/a><\/p>","protected":false},"excerpt":{"rendered":"<p>Internationaler Bund- IB &#8211; Germany &#8211; Coordinador del Proyecto Internationaler Bund (IB) Mitte gGmbH forma parte del Grupo IB, una organizaci\u00f3n no gubernamental independiente y uno de los mayores proveedores de servicios en los \u00e1mbitos de la juventud y el trabajo social, la educaci\u00f3n y los servicios del mercado laboral en Europa. IB ha establecido&hellip;&nbsp;<a href=\"https:\/\/www.jobs4all.erasmus.site\/es\/project-partners\/\" rel=\"bookmark\">Leer m\u00e1s &raquo;<span class=\"screen-reader-text\">Partenariado<\/span><\/a><\/p>\n","protected":false},"author":1,"featured_media":0,"parent":0,"menu_order":0,"comment_status":"closed","ping_status":"closed","template":"","meta":{"neve_meta_sidebar":"","neve_meta_container":"","neve_meta_enable_content_width":"off","neve_meta_content_width":100,"neve_meta_title_alignment":"","neve_meta_author_avatar":"","neve_post_elements_order":"","neve_meta_disable_header":"","neve_meta_disable_footer":"","neve_meta_disable_title":"","footnotes":""},"class_list":["post-126","page","type-page","status-publish","hentry"],"_links":{"self":[{"href":"https:\/\/www.jobs4all.erasmus.site\/es\/wp-json\/wp\/v2\/pages\/126","targetHints":{"allow":["GET"]}}],"collection":[{"href":"https:\/\/www.jobs4all.erasmus.site\/es\/wp-json\/wp\/v2\/pages"}],"about":[{"href":"https:\/\/www.jobs4all.erasmus.site\/es\/wp-json\/wp\/v2\/types\/page"}],"author":[{"embeddable":true,"href":"https:\/\/www.jobs4all.erasmus.site\/es\/wp-json\/wp\/v2\/users\/1"}],"replies":[{"embeddable":true,"href":"https:\/\/www.jobs4all.erasmus.site\/es\/wp-json\/wp\/v2\/comments?post=126"}],"version-history":[{"count":19,"href":"https:\/\/www.jobs4all.erasmus.site\/es\/wp-json\/wp\/v2\/pages\/126\/revisions"}],"predecessor-version":[{"id":428,"href":"https:\/\/www.jobs4all.erasmus.site\/es\/wp-json\/wp\/v2\/pages\/126\/revisions\/428"}],"wp:attachment":[{"href":"https:\/\/www.jobs4all.erasmus.site\/es\/wp-json\/wp\/v2\/media?parent=126"}],"curies":[{"name":"wp","href":"https:\/\/api.w.org\/{rel}","templated":true}]}}