{"id":74,"date":"2022-06-30T10:59:58","date_gmt":"2022-06-30T10:59:58","guid":{"rendered":"https:\/\/www.jobs4all.erasmus.site\/?page_id=74"},"modified":"2024-02-15T11:39:55","modified_gmt":"2024-02-15T11:39:55","slug":"about-the-project","status":"publish","type":"page","link":"https:\/\/www.jobs4all.erasmus.site\/de\/about-the-project\/","title":{"rendered":"\u00dcber uns"},"content":{"rendered":"<p>Die Grundidee f\u00fcr das Projekte liegt in der rasanten Entwicklung der Welt, den sich \u00e4ndernden und steigenden Qualifikationsanforderungen sowie den wirtschaftlichen, demografischen und technologischen Entwicklungen, die die Berufsbildungssysteme vor gro\u00dfe Herausforderungen stellen, aber gleichzeitig auch M\u00f6glichkeiten f\u00fcr innovative und integrative Antworten bieten. In ganz Europa sind mehrere Reformen im Gange, um mehr Lehrlingsmodelle einzuf\u00fchren oder andere Formen des berufsbezogenen Lernens umzusetzen. Da jedoch Systeme, die aus sehr unterschiedlichen institutionellen Strukturen und Traditionen stammen, versuchen, sich in diese Richtung zu entwickeln, ist davon auszugehen, dass der Reformprozess recht langwierig und schwierig sein wird. Neben dem arbeitsplatzbasierten Lernen kann eine sinnvolle Zusammenarbeit zwischen Berufsbildung und Wirtschaft den Weg f\u00fcr Berufsbildungssysteme ebnen, um die Qualit\u00e4t und Attraktivit\u00e4t der Berufsbildung zu steigern. Die JOBS4ALL-Partner sind sich dar\u00fcber im Klaren, dass das Berufsbildungsangebot auf einer wirksamen Governance auf allen Ebenen beruhen muss und dass ein starkes Engagement der Arbeitgeber von entscheidender Bedeutung ist, um eine exzellente und integrative Berufsbildung zu schaffen, die Chancen f\u00fcr den wirtschaftlichen und sozialen Zusammenhalt bietet, die Diskrepanzen zwischen den Bed\u00fcrfnissen der Arbeitgeber und den Qualifikationen der Arbeitnehmer beseitigt und die Wettbewerbsf\u00e4higkeit und nachhaltige Entwicklung f\u00f6rdert.<\/p>\n<p><strong>Ziele<\/strong><\/p>\n<p>Die Ziele des Jobs4All Projektes sind folgende:<\/p>\n<ul>\n<li>Ausstattung von Berufsbildungsanbieter mit einer ma\u00dfgeschneiderten Methodik zur Einbindung von Arbeitgebern, um die Zusammenarbeit zwischen Berufsbildung und Wirtschaft zu gestalten und ihre Nachhaltigkeit zu f\u00f6rdern<\/li>\n<li>Einbindung und Weiterbildung von Berufsbildungsfachleuten in Bezug auf ein effektives Arbeitgeberengagement,durch einen gemischten Weiterbildungskurs sowie einem Toolkit mit praktischen Ressourcen<\/li>\n<li>Bereitstellung einer Reihe von Video-Fallstudien, die aus den Pilotversuchen hervorgegangen sind, um das Bewusstsein und die Reflexion unter Berufsbildungsfachleuten \u00fcber gemeinsame Herausforderungen zu f\u00f6rdernEinbindung assoziierter Partner und wichtiger Stakeholder in die Entwicklung, Validierung, Verbreitung und Nutzung durch lokale Expertengruppen, Community of Practice und Multiplikatorenveranstaltungen<\/li>\n<li>Steigerung der Exzellenz, Attraktivit\u00e4t und Inklusivit\u00e4t der beruflichen Aus- und Weiterbildung (VET) und des berufsbegleitenden Lernens (WBL)<\/li>\n<\/ul>\n<p><strong>Ergebnisse<\/strong><\/p>\n<p>Das Projekt wird folgende Ergebnisse haben:<\/p>\n<p>Ergebnis 1: Methodik und ein gemischtes Weiterbildungsprogramm<br \/>\nErgebnis 2: Fallstudienvideos<br \/>\nErgebnis 3: Lernportal und Community of Practice<\/p>\n<p><strong>Zielgruppe<\/strong><\/p>\n<p>Die wichtigsten Zielgruppen des Projekts und diejenigen, die von den im Rahmen des Projekts verbreiteten Materialien und Informationen profitieren k\u00f6nnen, sind:<\/p>\n<ul>\n<li>Praktiker der Bildungs- und Berufsberatung<\/li>\n<li>Bildungsministerien<\/li>\n<li>Lernende in der beruflichen Bildung und Berufsbildungsanbieter<\/li>\n<li>Berufsbildungsverb\u00e4nde und -gremien<\/li>\n<li>Arbeitgeberverb\u00e4nde<\/li>\n<li>Experten f\u00fcr Berufsbildung, WBL und \/ oder Arbeitgeberengagement und \/ oder Forscher<\/li>\n<\/ul>\n<p><\/p>","protected":false},"excerpt":{"rendered":"<p>Die Grundidee f\u00fcr das Projekte liegt in der rasanten Entwicklung der Welt, den sich \u00e4ndernden und steigenden Qualifikationsanforderungen sowie den wirtschaftlichen, demografischen und technologischen Entwicklungen, die die Berufsbildungssysteme vor gro\u00dfe Herausforderungen stellen, aber gleichzeitig auch M\u00f6glichkeiten f\u00fcr innovative und integrative Antworten bieten. In ganz Europa sind mehrere Reformen im Gange, um mehr Lehrlingsmodelle einzuf\u00fchren oder&hellip;&nbsp;<a href=\"https:\/\/www.jobs4all.erasmus.site\/de\/about-the-project\/\" rel=\"bookmark\">Weiterlesen &raquo;<span class=\"screen-reader-text\">\u00dcber uns<\/span><\/a><\/p>\n","protected":false},"author":1,"featured_media":0,"parent":0,"menu_order":0,"comment_status":"closed","ping_status":"closed","template":"","meta":{"neve_meta_sidebar":"","neve_meta_container":"","neve_meta_enable_content_width":"off","neve_meta_content_width":100,"neve_meta_title_alignment":"","neve_meta_author_avatar":"","neve_post_elements_order":"","neve_meta_disable_header":"","neve_meta_disable_footer":"","neve_meta_disable_title":"","footnotes":""},"class_list":["post-74","page","type-page","status-publish","hentry"],"_links":{"self":[{"href":"https:\/\/www.jobs4all.erasmus.site\/de\/wp-json\/wp\/v2\/pages\/74","targetHints":{"allow":["GET"]}}],"collection":[{"href":"https:\/\/www.jobs4all.erasmus.site\/de\/wp-json\/wp\/v2\/pages"}],"about":[{"href":"https:\/\/www.jobs4all.erasmus.site\/de\/wp-json\/wp\/v2\/types\/page"}],"author":[{"embeddable":true,"href":"https:\/\/www.jobs4all.erasmus.site\/de\/wp-json\/wp\/v2\/users\/1"}],"replies":[{"embeddable":true,"href":"https:\/\/www.jobs4all.erasmus.site\/de\/wp-json\/wp\/v2\/comments?post=74"}],"version-history":[{"count":10,"href":"https:\/\/www.jobs4all.erasmus.site\/de\/wp-json\/wp\/v2\/pages\/74\/revisions"}],"predecessor-version":[{"id":383,"href":"https:\/\/www.jobs4all.erasmus.site\/de\/wp-json\/wp\/v2\/pages\/74\/revisions\/383"}],"wp:attachment":[{"href":"https:\/\/www.jobs4all.erasmus.site\/de\/wp-json\/wp\/v2\/media?parent=74"}],"curies":[{"name":"wp","href":"https:\/\/api.w.org\/{rel}","templated":true}]}}