{"id":126,"date":"2022-06-30T11:29:25","date_gmt":"2022-06-30T11:29:25","guid":{"rendered":"https:\/\/www.jobs4all.erasmus.site\/?page_id=126"},"modified":"2024-02-15T12:36:23","modified_gmt":"2024-02-15T12:36:23","slug":"project-partners","status":"publish","type":"page","link":"https:\/\/www.jobs4all.erasmus.site\/de\/project-partners\/","title":{"rendered":"Projekt Partners"},"content":{"rendered":"<p><\/p>\n<h3 style=\"text-align: center;\"><img fetchpriority=\"high\" decoding=\"async\" class=\"size-full wp-image-85 aligncenter\" src=\"https:\/\/www.jobs4all.erasmus.site\/wp-content\/uploads\/2022\/06\/ib.png\" alt=\"\" width=\"300\" height=\"300\" srcset=\"https:\/\/www.jobs4all.erasmus.site\/wp-content\/uploads\/2022\/06\/ib.png 300w, https:\/\/www.jobs4all.erasmus.site\/wp-content\/uploads\/2022\/06\/ib-150x150.png 150w\" sizes=\"(max-width: 300px) 100vw, 300px\" \/><br \/>\n<strong>Internationaler Bund- IB \u2013 Deutschland \u2013 Projekt Koordinator<\/strong><\/h3>\n<p>Menschsein st\u00e4rken!<\/p>\n<p>Der Internationale Bund (IB) ist mit mehr als 14.000 Mitarbeitenden einer der gro\u00dfen Dienstleister in der Jugend-, Sozial- und Bildungsarbeit in Deutschland. Er unterst\u00fctzt Kinder, Jugendliche, Erwachsene und Senioren dabei, ein selbstverantwortetes Leben zu f\u00fchren \u2013 unabh\u00e4ngig von ihrer Herkunft, Religion oder Weltanschauung. Sein Leitsatz \u201eMenschsein st\u00e4rken\u201c ist f\u00fcr die Mitarbeiter*innen Motivation und Orientierung.<\/p>\n<p><a href=\"https:\/\/internationaler-bund.org\/\">www.internationaler-bund.org<\/a><\/p>\n<p><a href=\"http:\/\/www.ib.de\/\">www.ib.de<\/a><\/p>\n<p><a href=\"http:\/\/www.ib-mitte.de\/\">www.ib-mitte.de<\/a><\/p>\n<hr \/>\n<h3 style=\"text-align: center;\"><img decoding=\"async\" class=\"alignnone wp-image-90 size-full\" src=\"https:\/\/www.jobs4all.erasmus.site\/wp-content\/uploads\/2022\/06\/rurar.png\" alt=\"\" width=\"300\" height=\"300\" srcset=\"https:\/\/www.jobs4all.erasmus.site\/wp-content\/uploads\/2022\/06\/rurar.png 300w, https:\/\/www.jobs4all.erasmus.site\/wp-content\/uploads\/2022\/06\/rurar-150x150.png 150w\" sizes=\"(max-width: 300px) 100vw, 300px\" \/><br \/>\n<strong>THE RURAL HUB \u2013 Irland<\/strong><\/h3>\n<p>The Rural Hub wurde 2012 gegr\u00fcndet und bietet ein breites Spektrum an Schulungs- und Kapazit\u00e4tsentwicklungsprogrammen f\u00fcr Einwohner, P\u00e4dagogen, Ausbilder und Gemeinschaftsgruppen. Wir sind auf Gemeindeentwicklung, soziale Eingliederung und Bildungsinnovation spezialisiert und haben mehrere lokale Initiativen entwickelt, um die soziale Eingliederung von benachteiligten l\u00e4ndlichen Jugendlichen, Migrantengemeinschaften und isolierten \u00e4lteren Einwohnern zu unterst\u00fctzen.\u00a0 Wir arbeiten mit unseren Zielgruppen zusammen und nutzen kreative Ans\u00e4tze und digitale Medienressourcen, um einen st\u00e4rkeren sozialen Zusammenhalt zwischen den lokalen Gemeinschaften in unserer Region zu f\u00f6rdern. Wir verf\u00fcgen \u00fcber ein entwickeltes Netzwerk von Akteuren im gesamten Landkreis, die unsere Arbeit auf thematischer Basis unterst\u00fctzen. \u00dcber unser B\u00fcro in der Gemeinde f\u00fchren wir informelle Bildungsprogramme f\u00fcr Erwachsene, Schulen und Jugendliche durch und bieten au\u00dferdem soziale Vormittage und Bildungsnachmittage an, um den Zugang zu lebenslangem Lernen zu f\u00f6rdern.<\/p>\n<p><a href=\"http:\/\/www.theruralhub.ie\/\" target=\"_blank\" rel=\"noopener\">www.theruralhub.ie<\/a><\/p>\n<p>@RuralHubVirginia<\/p>\n<hr \/>\n<h3 style=\"text-align: center;\"><img decoding=\"async\" class=\"alignnone wp-image-138 size-full\" src=\"https:\/\/www.jobs4all.erasmus.site\/wp-content\/uploads\/2022\/07\/ihf.png\" alt=\"\" width=\"300\" height=\"300\" srcset=\"https:\/\/www.jobs4all.erasmus.site\/wp-content\/uploads\/2022\/07\/ihf.png 300w, https:\/\/www.jobs4all.erasmus.site\/wp-content\/uploads\/2022\/07\/ihf-150x150.png 150w\" sizes=\"(max-width: 300px) 100vw, 300px\" \/><br \/>\n<strong>IHF \u2013 Institut de Haute Formation aux Politiques Communautaires &#8211; Belgien<br \/>\n<\/strong><\/h3>\n<p>IHF ist eine gemeinn\u00fctzige Organisation, die 2003 in Br\u00fcssel (Belgien) gegr\u00fcndet wurde.<\/p>\n<p>Das Hauptziel von IHF ist es, die Gemeinschaft (einschlie\u00dflich gemeinn\u00fctziger und lokaler Beh\u00f6rden) bei der Entwicklung einer umfassenderen internationalen Zusammenarbeit durch spezialisierte Schulungsma\u00dfnahmen zur europ\u00e4ischen Politik und die Verbreitung europ\u00e4ischer Werte zu unterst\u00fctzen.<\/p>\n<p>Eines der Mittel, um dieses Ziel zu erreichen, ist die Organisation von hochspezialisierten Kursen und Seminaren, die sich auf die Entwicklung von europ\u00e4ischen Projekten konzentrieren. Die Kurse konzentrieren sich auf EU-Politik und -Gesetzgebung, internationale Beziehungen und Projektmanagement und f\u00f6rdern die M\u00f6glichkeit zur Teilnahme an EU-finanzierten Programmen.<\/p>\n<p>IHF organisiert auch Studiengruppen nach Br\u00fcssel f\u00fcr junge Hochschulabsolventen, Vertreter lokaler Beh\u00f6rden, KMU und Universit\u00e4ten und f\u00f6rdert so Mobilit\u00e4tsaktivit\u00e4ten auf verschiedenen Ausbildungsebenen. Seit 2004 hat IHF mehr als 40 Studienbesuche in Br\u00fcssel f\u00fcr mehr als 500 Personen organisiert.<\/p>\n<p>IHF bietet weitere Unterst\u00fctzung durch kontinuierliche Beobachtung der EU-Gesetzgebung und der Aktivit\u00e4ten der europ\u00e4ischen Institutionen und die konsequente Verbreitung von diesbez\u00fcglichen Informationen, Unterst\u00fctzung bei der Suche nach Partnern und dem Aufbau von Netzwerken. Dank ihrer Pr\u00e4senz in Br\u00fcssel hat IHF einschl\u00e4gige Erfahrung in der Organisation von Verbreitungs- und Valorisierungsaktivit\u00e4ten auf EU-Ebene durch Kontakte mit Europaabgeordneten, anderen europ\u00e4ischen Verb\u00e4nden und Institutionen, Interessenvertretern, Verbrauchergruppen usw. gesammelt.<\/p>\n<p><a href=\"https:\/\/www.ihfeurope.eu\/\">https:\/\/www.ihfeurope.eu\/<\/a><\/p>\n<p><a href=\"https:\/\/www.facebook.com\/ihfeurope\">https:\/\/www.facebook.com\/ihfeurope<\/a><\/p>\n<p><a href=\"https:\/\/www.linkedin.com\/in\/ihf-asbl\/\">https:\/\/www.linkedin.com\/in\/ihf-asbl\/<\/a><\/p>\n<p><a href=\"https:\/\/www.instagram.com\/ihfeurope\/\">https:\/\/www.instagram.com\/ihfeurope\/<\/a><\/p>\n<hr \/>\n<h3 style=\"text-align: center;\"><img loading=\"lazy\" decoding=\"async\" class=\"alignnone wp-image-139 size-full\" src=\"https:\/\/www.jobs4all.erasmus.site\/wp-content\/uploads\/2022\/07\/mindshift.png\" alt=\"\" width=\"300\" height=\"300\" srcset=\"https:\/\/www.jobs4all.erasmus.site\/wp-content\/uploads\/2022\/07\/mindshift.png 300w, https:\/\/www.jobs4all.erasmus.site\/wp-content\/uploads\/2022\/07\/mindshift-150x150.png 150w\" sizes=\"(max-width: 300px) 100vw, 300px\" \/><br \/>\n<strong>Mindshift Talent Advisory &#8211; Portugal<br \/>\n<\/strong><\/h3>\n<p>Mindshift ist ein auf Humanressourcen spezialisiertes Beratungsunternehmen, das in die Leistung und Weiterentwicklung der Kompetenzen von Menschen investiert, um die digitale und zwischenmenschliche Reife in Organisationen und der Gesellschaft zu f\u00f6rdern.<\/p>\n<p>Auf nationaler Ebene ist einer der Hauptpartner von MINDSHIFT The Key Talent Portugal, ein HR Tech Consulting, das sich auf Social Attraction und Talent Assessment spezialisiert hat und Plattformen wie Panorama und AplyGo entwickelt, die es erm\u00f6glichen, digitale, agile und attraktive HR-Prozesse auf der Grundlage von Datenanalysen zu optimieren, zu implementieren und zu verwalten.<\/p>\n<p>Auf europ\u00e4ischer Ebene sind wir ein strategischer Partner f\u00fcr die Entwicklung transnationaler Kooperationsprojekte, die darauf abzielen, innovative L\u00f6sungen im Bereich der Jugend- und Erwachsenenbildung zu schaffen, und zwar in sechs Schl\u00fcsselbereichen: H\u00f6herqualifizierung und Umschulung, Eingliederung und Besch\u00e4ftigungsf\u00e4higkeit, nachhaltige Entwicklung, St\u00e4rkung der Rolle der Frau, Unternehmertum und Kreativit\u00e4t sowie digitale Talente.<\/p>\n<p>Mindshift hat sich den Grunds\u00e4tzen der sozialen Verantwortung und der Agenda 2030 f\u00fcr nachhaltige Entwicklung verschrieben und bringt ein Team von Mitarbeitern mit unterschiedlichen Hintergr\u00fcnden und Berufserfahrungen zusammen.<\/p>\n<p><a href=\"http:\/\/www.mindshift.pt\/\">www.mindshift.pt<\/a><\/p>\n<p><a href=\"http:\/\/www.facebook.com\/mindshift.talent.advisory\">www.facebook.com\/mindshift.talent.advisory<\/a><\/p>\n<p><a href=\"http:\/\/www.linkedin.com\/company\/mindshift-talentadvisory\">www.linkedin.com\/company\/mindshift-talentadvisory<\/a><\/p>\n<hr \/>\n<h3 style=\"text-align: center;\"><img loading=\"lazy\" decoding=\"async\" class=\"alignnone wp-image-141 size-full\" src=\"https:\/\/www.jobs4all.erasmus.site\/wp-content\/uploads\/2022\/07\/iasis.png\" alt=\"\" width=\"300\" height=\"300\" srcset=\"https:\/\/www.jobs4all.erasmus.site\/wp-content\/uploads\/2022\/07\/iasis.png 300w, https:\/\/www.jobs4all.erasmus.site\/wp-content\/uploads\/2022\/07\/iasis-150x150.png 150w\" sizes=\"(max-width: 300px) 100vw, 300px\" \/><br \/>\n<strong>IASIS &#8211; Griechenland<br \/>\n<\/strong><\/h3>\n<p>Die Nichtregierungsorganisation IASIS ist eine gemeinn\u00fctzige Organisation, die in den Bereichen soziale Eingliederung, psychische Gesundheit und Deinstitutionalisierung t\u00e4tig ist und sich aktiv an der vom Ministerium f\u00fcr Gesundheit und soziale Solidarit\u00e4t und der Europ\u00e4ischen Union gef\u00f6rderten Psychiatriereform beteiligt. IASIS verf\u00fcgt \u00fcber eine offizielle Eintragung als private Non-Profit-Organisation und eine spezielle Eintragung in die Liste der freiwilligen Nichtregierungsorganisationen, die von der Generaldirektion f\u00fcr Wohlfahrt verwaltet wird. Die Organisation verf\u00fcgt au\u00dferdem \u00fcber ein Management-Kompetenzsystem, das vom Sonderdienst \/ Ministerium f\u00fcr Gesundheit und soziale Solidarit\u00e4t zertifiziert wurde. Das Hauptziel der Organisation ist die psychosoziale Unterst\u00fctzung und Bildung von Menschen, die entweder zu den Ausgegrenzten geh\u00f6ren oder von Ausgrenzung bedroht sind, sowie von Erwachsenen, die im humanit\u00e4ren Bereich lernen.<\/p>\n<p><a href=\"http:\/\/www.iasismed.eu\">www.iasismed.eu<\/a><\/p>\n<hr \/>\n<h3 style=\"text-align: center;\"><img loading=\"lazy\" decoding=\"async\" class=\"alignnone wp-image-142 size-full\" src=\"https:\/\/www.jobs4all.erasmus.site\/wp-content\/uploads\/2022\/07\/csi.png\" alt=\"\" width=\"300\" height=\"300\" srcset=\"https:\/\/www.jobs4all.erasmus.site\/wp-content\/uploads\/2022\/07\/csi.png 300w, https:\/\/www.jobs4all.erasmus.site\/wp-content\/uploads\/2022\/07\/csi-150x150.png 150w\" sizes=\"(max-width: 300px) 100vw, 300px\" \/><\/h3>\n<h3 style=\"text-align: center;\"><strong>Center for Social Innovation (CSI) &#8211; Zypern<br \/>\n<\/strong><\/h3>\n<p>Das Center for Social Innovation (CSI) ist eine Forschungs- und Entwicklungsorganisation, die sich auf die F\u00f6rderung sozialer Innovationen konzentriert, die einen positiven Wandel f\u00fcr lokale, nationale, regionale und globale Einrichtungen bewirken k\u00f6nnen. Zu diesen Einrichtungen geh\u00f6ren unter anderem Regierungen, lokale Verwaltungsbeh\u00f6rden, gemeinn\u00fctzige Organisationen, Unternehmen und Bildungseinrichtungen. Das CSI-Team besteht aus aufgeschlossenen, voll ausgestatteten Forschern, Unternehmern, Projektmanagern, Ausbildern und Informationstechnologie-Spezialisten. CSI verf\u00fcgt \u00fcber die F\u00e4higkeit und Kapazit\u00e4t, soziale Bed\u00fcrfnisse zu erkennen, angepasste Initiativen zu entwerfen und umzusetzen und f\u00fcr nachhaltiges Wachstum zu sorgen. Die Fachgebiete des CSI-Teams liegen in den Bereichen traditionelle Bildung und E-Learning, Unternehmertum, Start-ups, Innovation, Kreativit\u00e4t, Verhandlungen, IP-Beratung, soziale Verantwortung, Unternehmensberatung, Datenanalyse, Informationstechnologien, Projektmanagement, Projektevaluierungsdienste, Produktvalidierung, Schulung und Computerspiele. CSI sch\u00f6pft sein Know-how und seine F\u00e4higkeiten aus einem breiten globalen Netzwerk, das akademische Einrichtungen, IT-Unternehmen, \u00f6ffentliche Dienste, internationale Organisationen, Start-ups und \u00f6ffentliche Dienste umfasst.<\/p>\n<p><a href=\"http:\/\/www.iasismed.eu\">www.iasismed.eu<\/a><\/p>\n<hr \/>\n<h3 style=\"text-align: center;\"><img loading=\"lazy\" decoding=\"async\" class=\"alignnone wp-image-144 size-full\" src=\"https:\/\/www.jobs4all.erasmus.site\/wp-content\/uploads\/2022\/07\/danmar.png\" alt=\"\" width=\"300\" height=\"300\" srcset=\"https:\/\/www.jobs4all.erasmus.site\/wp-content\/uploads\/2022\/07\/danmar.png 300w, https:\/\/www.jobs4all.erasmus.site\/wp-content\/uploads\/2022\/07\/danmar-150x150.png 150w\" sizes=\"(max-width: 300px) 100vw, 300px\" \/><\/h3>\n<h3 style=\"text-align: center;\"><strong>DANMAR COMPUTERS &#8211; Polen<br \/>\n<\/strong><\/h3>\n<p>Danmar Computers LLC ist ein privates Unternehmen, das auf dem Gebiet der Informationstechnologie t\u00e4tig ist und Berufsausbildungen in diesem Bereich anbietet. Danmar verf\u00fcgt \u00fcber umfangreiche Erfahrung in der Entwicklung moderner Web- und Mobilanwendungen, die zu Bildungszwecken eingesetzt werden. Danmar verf\u00fcgt auch \u00fcber langj\u00e4hrige Erfahrung in der Durchf\u00fchrung europ\u00e4ischer Projekte, in deren Rahmen das Forschungs- und Entwicklungspersonal des Unternehmens Forschungen durchf\u00fchrt und Schulungen vorbereitet, die auf die Bed\u00fcrfnisse der verschiedenen Lernenden zugeschnitten sind. In 22 Jahren hat Danmar \u00fcber 100 Projekte im Rahmen von Grundtvig, Leonardo da Vinci, Progress und Erasmus+ erfolgreich durchgef\u00fchrt. Bei vielen dieser Projekte war Danmar f\u00fcr die Gestaltung und Koordinierung von Verbreitungsstrategien verantwortlich.<\/p>\n<p>Danmar Computers ist der Entwickler und Anbieter von AdminProject, dem Online-System f\u00fcr die Verwaltung europ\u00e4ischer Projekte. Alle Aktivit\u00e4ten des Unternehmens st\u00fctzen sich auf ein breites und gut etabliertes Kooperationsnetz, sowohl auf nationaler als auch auf internationaler Ebene. Zu den nationalen Netzwerken geh\u00f6ren Ausbildungs- und Beratungseinrichtungen, Universit\u00e4ten, Schulen, Nichtregierungsorganisationen sowie Unternehmen der Privatwirtschaft. Zu den internationalen Netzwerken geh\u00f6ren Partner mit unterschiedlichen Profilen aus allen L\u00e4ndern der Europ\u00e4ischen Union. Die Aufgabe von Danmar Computer ist die F\u00f6rderung des lebenslangen Lernens und die Sicherstellung eines gleichberechtigten Zugangs zur Bildung f\u00fcr alle durch den Einsatz moderner Technologie<strong>.<\/strong><\/p>\n<p><strong>\u00a0<\/strong><a href=\"https:\/\/danmar-computers.com.pl\/\">https:\/\/danmar-computers.com.pl<\/a><\/p>\n<p><a href=\"https:\/\/www.facebook.com\/pages\/Danmar-Computers\/144597388897753\">https:\/\/www.facebook.com\/pages\/Danmar-Computers\/144597388897753<\/a><\/p>\n<p><a href=\"https:\/\/www.linkedin.com\/company\/danmar-computers\">https:\/\/www.linkedin.com\/company\/danmar-computers<\/a><\/p>\n<p><a href=\"https:\/\/twitter.com\/DanmarComputers\">https:\/\/twitter.com\/DanmarComputers<\/a><\/p>\n<hr \/>\n<h3 style=\"text-align: center;\"><img loading=\"lazy\" decoding=\"async\" class=\"alignnone wp-image-146 size-full\" src=\"https:\/\/www.jobs4all.erasmus.site\/wp-content\/uploads\/2022\/07\/fondo.png\" alt=\"\" width=\"300\" height=\"300\" srcset=\"https:\/\/www.jobs4all.erasmus.site\/wp-content\/uploads\/2022\/07\/fondo.png 300w, https:\/\/www.jobs4all.erasmus.site\/wp-content\/uploads\/2022\/07\/fondo-150x150.png 150w\" sizes=\"(max-width: 300px) 100vw, 300px\" \/><\/h3>\n<h3 style=\"text-align: center;\"><strong>FONDO FORMACION EUSKADI SLL &#8211; Spanien<br \/>\n<\/strong><\/h3>\n<p>Fondo Formaci\u00f3n Euskadi ist eine Humankapitalorganisation, deren Ziel es ist, die berufliche und unternehmerische Leistung durch die Qualifizierung und Entwicklung von Menschen zu verbessern.<\/p>\n<p>Unsere Kunden vertrauen Fondo Formaci\u00f3n Euskadi, der \u00fcber mehr als 30 Jahre Erfahrung im Bereich der Ausbildung und Qualifizierung von Menschen verf\u00fcgt, weil wir fortschrittliche, umfassende Ausbildungsdienstleistungen mit einem hohen Ma\u00df an Qualit\u00e4t und Innovation anbieten.<\/p>\n<p>Unsere Organisation besteht aus rund 50 Fachleuten, die sich auf das Ausbildungsmanagement konzentrieren. Dar\u00fcber hinaus arbeiten wir mit einem Lehrerteam von mehr als 100 Ausbildern zusammen, die in Lernmethodik akkreditiert sind und \u00fcber umfangreiche Erfahrung und Spezialisierung in ihrem Kompetenzbereich verf\u00fcgen.<\/p>\n<p>Wir verf\u00fcgen \u00fcber Einrichtungen in den drei Territorien der Autonomen Gemeinschaft Baskenland mit mehr als 3.000 Quadratmetern ausgestatteter Unterrichtsr\u00e4ume und Werkst\u00e4tten.<br \/>\n<a href=\"https:\/\/www.ffeuskadi.net\">www.ffeuskadi.net<\/a><\/p>","protected":false},"excerpt":{"rendered":"<p>Internationaler Bund- IB \u2013 Deutschland \u2013 Projekt Koordinator Menschsein st\u00e4rken! Der Internationale Bund (IB) ist mit mehr als 14.000 Mitarbeitenden einer der gro\u00dfen Dienstleister in der Jugend-, Sozial- und Bildungsarbeit in Deutschland. Er unterst\u00fctzt Kinder, Jugendliche, Erwachsene und Senioren dabei, ein selbstverantwortetes Leben zu f\u00fchren \u2013 unabh\u00e4ngig von ihrer Herkunft, Religion oder Weltanschauung. Sein Leitsatz&hellip;&nbsp;<a href=\"https:\/\/www.jobs4all.erasmus.site\/de\/project-partners\/\" rel=\"bookmark\">Weiterlesen &raquo;<span class=\"screen-reader-text\">Projekt Partners<\/span><\/a><\/p>\n","protected":false},"author":1,"featured_media":0,"parent":0,"menu_order":0,"comment_status":"closed","ping_status":"closed","template":"","meta":{"neve_meta_sidebar":"","neve_meta_container":"","neve_meta_enable_content_width":"off","neve_meta_content_width":100,"neve_meta_title_alignment":"","neve_meta_author_avatar":"","neve_post_elements_order":"","neve_meta_disable_header":"","neve_meta_disable_footer":"","neve_meta_disable_title":"","footnotes":""},"class_list":["post-126","page","type-page","status-publish","hentry"],"_links":{"self":[{"href":"https:\/\/www.jobs4all.erasmus.site\/de\/wp-json\/wp\/v2\/pages\/126","targetHints":{"allow":["GET"]}}],"collection":[{"href":"https:\/\/www.jobs4all.erasmus.site\/de\/wp-json\/wp\/v2\/pages"}],"about":[{"href":"https:\/\/www.jobs4all.erasmus.site\/de\/wp-json\/wp\/v2\/types\/page"}],"author":[{"embeddable":true,"href":"https:\/\/www.jobs4all.erasmus.site\/de\/wp-json\/wp\/v2\/users\/1"}],"replies":[{"embeddable":true,"href":"https:\/\/www.jobs4all.erasmus.site\/de\/wp-json\/wp\/v2\/comments?post=126"}],"version-history":[{"count":19,"href":"https:\/\/www.jobs4all.erasmus.site\/de\/wp-json\/wp\/v2\/pages\/126\/revisions"}],"predecessor-version":[{"id":428,"href":"https:\/\/www.jobs4all.erasmus.site\/de\/wp-json\/wp\/v2\/pages\/126\/revisions\/428"}],"wp:attachment":[{"href":"https:\/\/www.jobs4all.erasmus.site\/de\/wp-json\/wp\/v2\/media?parent=126"}],"curies":[{"name":"wp","href":"https:\/\/api.w.org\/{rel}","templated":true}]}}